{"id":13083,"date":"2020-03-26T12:15:25","date_gmt":"2020-03-26T11:15:25","guid":{"rendered":"https:\/\/vitro.bio\/footer\/"},"modified":"2024-11-20T14:16:12","modified_gmt":"2024-11-20T13:16:12","slug":"footer","status":"publish","type":"page","link":"https:\/\/vitro.bio\/pt-pt\/footer\/","title":{"rendered":"Footer PT"},"content":{"rendered":"<section data-bb-version=\"4.7.6\" id=\"bt_bb_section69e07504042de\" class=\"bt_bb_section bt_bb_color_scheme_1 bt_bb_layout_boxed_1500 bt_bb_vertical_align_top bt_bb_top_spacing_medium bt_bb_bottom_spacing_normal\" style=\"; --section-primary-color:#ffffff; --section-secondary-color:#191919;;background-color:#383838;\" data-bt-override-class=\"{&quot;bt_bb_top_spacing_&quot;:{&quot;current_class&quot;:&quot;bt_bb_top_spacing_medium&quot;,&quot;def&quot;:&quot;medium&quot;},&quot;bt_bb_bottom_spacing_&quot;:{&quot;current_class&quot;:&quot;bt_bb_bottom_spacing_normal&quot;,&quot;def&quot;:&quot;normal&quot;}}\"><div class=\"bt_bb_port\"><div class=\"bt_bb_cell\"><div class=\"bt_bb_cell_inner\"><div class=\"bt_bb_row \"  data-bt-override-class=\"{}\"><div class=\"bt_bb_row_holder\" ><div  class=\"bt_bb_column col-xxl-2_4 col-xl-2_4 col-xs-12 col-sm-12 col-md-12 col-lg-2_4 bt_bb_vertical_align_top bt_bb_align_left bt_bb_padding_normal bt_bb_animation_fade_in animate\" style=\"; --column-width:2.4;\" data-width=\"2.4\" data-bt-override-class=\"{}\"><div class=\"bt_bb_column_content\"><div class=\"bt_bb_column_content_inner\"><div data-bb-version=\"4.7.6\" class=\"bt_bb_image bt_bb_shape_square bt_bb_target_self bt_bb_align_inherit bt_bb_hover_style_simple bt_bb_content_display_always bt_bb_content_align_middle\" data-bt-override-class=\"{&quot;bt_bb_align_&quot;:{&quot;current_class&quot;:&quot;bt_bb_align_inherit&quot;,&quot;def&quot;:&quot;inherit&quot;}}\"><a href=\"https:\/\/vitro.bio\"  target=\"_self\" title=\"logo-vitro-footer\"><img loading=\"lazy\" decoding=\"async\" width=\"320\" height=\"95\" src=\"https:\/\/vitro.bio\/wp-content\/uploads\/2024\/04\/logo-vitro-footer-320x95.png\" class=\"attachment-boldthemes_small size-boldthemes_small\" alt=\"https:\/\/vitro.bio\/wp-content\/uploads\/2024\/04\/logo-vitro-footer-320x95.png\" data-full_image_src=\"https:\/\/vitro.bio\/wp-content\/uploads\/2024\/04\/logo-vitro-footer.png\" title=\"logo-vitro-footer\" srcset=\"https:\/\/vitro.bio\/wp-content\/uploads\/2024\/04\/logo-vitro-footer-320x95.png 320w, https:\/\/vitro.bio\/wp-content\/uploads\/2024\/04\/logo-vitro-footer.png 350w\" sizes=\"auto, (max-width: 320px) 100vw, 320px\" \/><\/a><\/div><div class=\" bt_bb_row_inner\"   data-bt-override-class=\"{}\"><div class=\"bt_bb_row_inner_holder\"  ><div  class=\"bt_bb_column_inner col-xxl-12 col-xl-12 col-xs-12 col-sm-12 col-md-12 col-lg-12 bt_bb_vertical_align_top bt_bb_align_left bt_bb_padding_10\"  data-width=\"12\" data-bt-override-class=\"{&quot;bt_bb_align_&quot;:{&quot;current_class&quot;:&quot;bt_bb_align_left&quot;,&quot;def&quot;:&quot;left&quot;,&quot;xl&quot;:&quot;left&quot;},&quot;bt_bb_padding_&quot;:{&quot;current_class&quot;:&quot;bt_bb_padding_10&quot;,&quot;def&quot;:&quot;10&quot;,&quot;xl&quot;:&quot;10&quot;}}\"><div class=\"bt_bb_column_inner_content\"><div class=\"bt_bb_column_inner_content_inner\"><div class=\"bt_bb_separator bt_bb_border_style_none bt_bb_border_color_none bt_bb_top_spacing_ bt_bb_bottom_spacing_small\" data-bt-override-class=\"{&quot;bt_bb_top_spacing_&quot;:{&quot;current_class&quot;:&quot;bt_bb_top_spacing_&quot;,&quot;def&quot;:&quot;&quot;,&quot;xl&quot;:&quot;&quot;},&quot;bt_bb_bottom_spacing_&quot;:{&quot;current_class&quot;:&quot;bt_bb_bottom_spacing_small&quot;,&quot;def&quot;:&quot;small&quot;,&quot;xl&quot;:&quot;small&quot;}}\"><\/div><div  class=\"bt_bb_text\" ><\/p>\n<p class=\"xmsonormal\"><span lang=\"PT-PT\">Mais de 30 anos de experi\u00eancia no desenvolvimento e fabrico de reagentes para imuno-histoqu\u00edmica, diagn\u00f3stico molecular, instrumentos e software.<\/span><\/p>\n<p>\n<\/div><div class=\"bt_bb_separator bt_bb_border_style_none bt_bb_bottom_spacing_small\" data-bt-override-class=\"null\"><\/div><div class=\"bt_bb_separator bt_bb_border_style_none bt_bb_bottom_spacing_small\" data-bt-override-class=\"null\"><\/div><div data-bb-version=\"4.7.6\" class=\"bt_bb_icon bt_bb_color_scheme_4 bt_bb_style_borderless bt_bb_size_small bt_bb_shape_circle bt_bb_target_self bt_bb_align_inherit bt_bb_text_size_xsmall btWithText\" style=\"; --primary-color:#009ee0; --secondary-color:#ffffff;\" data-bt-override-class=\"{&quot;bt_bb_size_&quot;:{&quot;current_class&quot;:&quot;bt_bb_size_small&quot;,&quot;def&quot;:&quot;small&quot;},&quot;bt_bb_align_&quot;:{&quot;current_class&quot;:&quot;bt_bb_align_inherit&quot;,&quot;def&quot;:&quot;inherit&quot;}}\"><a href=\"mailto:info@vitro.bio\"  target=\"_self\"  title=\"info@vitro.bio\"  data-ico-fontawesome=\"&#xf0e0;\" class=\"bt_bb_icon_holder\"><span>info@vitro.bio<\/span><\/a><\/div><\/div><\/div><\/div><\/div><\/div><div class=\"bt_bb_separator bt_bb_border_style_none bt_bb_bottom_spacing_25\" data-bt-override-class=\"null\"><\/div><div class=\"bt_bb_separator bt_bb_border_style_none bt_bb_bottom_spacing_small\" data-bt-override-class=\"null\"><\/div><div  class=\"bt_bb_text small\" ><\/p>\n<p>\u00a9 2024 Vitro Master Diagn\u00f3stica.<\/p>\n<p>Todos os direitos reservados.<\/p>\n<p>\n<\/div><div class=\"bt_bb_separator bt_bb_border_style_none bt_bb_bottom_spacing_medium\" data-bt-override-class=\"null\"><\/div><\/div><\/div><\/div><div  class=\"bt_bb_column col-xxl-2_4 col-xl-2_4 col-xs-12 col-sm-12 col-md-12 col-lg-2_4 bt_bb_vertical_align_top bt_bb_align_left bt_bb_padding_normal bt_bb_animation_fade_in animate\" style=\"; --column-width:2.4;\" data-width=\"2.4\" data-bt-override-class=\"{}\"><div class=\"bt_bb_column_content\"><div class=\"bt_bb_column_content_inner\"><header data-bb-version=\"4.7.6\" class=\"bt_bb_headline bt_bb_subheadline_text_transform_default bt_bb_dash_bottom bt_bb_size_small bt_bb_align_inherit\" data-bt-override-class=\"{&quot;bt_bb_size_&quot;:{&quot;current_class&quot;:&quot;bt_bb_size_small&quot;,&quot;def&quot;:&quot;small&quot;},&quot;bt_bb_align_&quot;:{&quot;current_class&quot;:&quot;bt_bb_align_inherit&quot;,&quot;def&quot;:&quot;inherit&quot;}}\"><h2 class=\"bt_bb_headline_tag\"><span class=\"bt_bb_headline_content\"><span>Vitro S.A.<\/span><\/span><\/h2><\/header><div class=\"bt_bb_separator bt_bb_border_style_none bt_bb_bottom_spacing_small\" data-bt-override-class=\"null\"><\/div><div data-bb-version=\"5.1.6\" class=\"bt_bb_custom_menu bt_bb_direction_vertical bt_bb_color_light bt_bb_font_weight_normal\"><div class=\"menu-footer-principal-pt-container\"><ul id=\"menu-footer-principal-pt\" class=\"menu\"><li id=\"menu-item-13271\" class=\"menu-item menu-item-type-post_type menu-item-object-page menu-item-13271\"><a href=\"https:\/\/vitro.bio\/pt-pt\/sobre-nos\/\">Sobre n\u00f3s<\/a><\/li>\n<li id=\"menu-item-13270\" class=\"menu-item menu-item-type-post_type menu-item-object-page menu-item-13270\"><a href=\"https:\/\/vitro.bio\/pt-pt\/certificados-e-qualidade\/\">Qualidade<\/a><\/li>\n<li id=\"menu-item-13272\" class=\"menu-item menu-item-type-post_type menu-item-object-page menu-item-13272\"><a href=\"https:\/\/vitro.bio\/pt-pt\/laboratorio-de-referencia\/\">Laborat\u00f3rio de refer\u00eancia<\/a><\/li>\n<li id=\"menu-item-16042\" class=\"menu-item menu-item-type-post_type menu-item-object-post menu-item-16042\"><a href=\"https:\/\/vitro.bio\/pt-pt\/vitro-y-getronics-concluem-uma-alianca-estrategica-para-reforcar-a-expansao-da-anapath-no-setor-de-saude\/\" title=\"Vitro y Getronics concluem uma alian\u00e7a estrat\u00e9gica para refor\u00e7ar a expans\u00e3o da Anapath no setor de sa\u00fade\">Not\u00edcias<\/a><\/li>\n<li id=\"menu-item-13273\" class=\"menu-item menu-item-type-post_type menu-item-object-page menu-item-13273\"><a href=\"https:\/\/vitro.bio\/pt-pt\/contacto\/\">Contacto<\/a><\/li>\n<\/ul><\/div><\/div><div class=\"bt_bb_separator bt_bb_border_style_none bt_bb_bottom_spacing_medium\" data-bt-override-class=\"null\"><\/div><\/div><\/div><\/div><div  class=\"bt_bb_column col-xxl-2_4 col-xl-2_4 col-xs-12 col-sm-12 col-md-12 col-lg-2_4 bt_bb_vertical_align_top bt_bb_align_left bt_bb_padding_normal bt_bb_animation_fade_in animate\" style=\"; --column-width:2.4;\" data-width=\"2.4\" data-bt-override-class=\"{}\"><div class=\"bt_bb_column_content\"><div class=\"bt_bb_column_content_inner\"><header data-bb-version=\"5.1.6\" class=\"bt_bb_headline bt_bb_dash_bottom bt_bb_size_small bt_bb_align_inherit\" data-bt-override-class=\"{&quot;bt_bb_size_&quot;:{&quot;current_class&quot;:&quot;bt_bb_size_small&quot;,&quot;def&quot;:&quot;small&quot;},&quot;bt_bb_align_&quot;:{&quot;current_class&quot;:&quot;bt_bb_align_inherit&quot;,&quot;def&quot;:&quot;inherit&quot;}}\"><h2 class=\"bt_bb_headline_tag\"><span class=\"bt_bb_headline_content\"><span>Anatomia patol\u00f3gica<\/span><\/span><\/h2><\/header><div class=\"bt_bb_separator bt_bb_border_style_none bt_bb_bottom_spacing_small\" data-bt-override-class=\"null\"><\/div><div data-bb-version=\"5.1.6\" class=\"bt_bb_custom_menu bt_bb_direction_vertical bt_bb_color_light bt_bb_font_weight_normal\"><div class=\"menu-anatomia-footer-pt-container\"><ul id=\"menu-anatomia-footer-pt\" class=\"menu\"><li id=\"menu-item-13263\" class=\"menu-item menu-item-type-post_type menu-item-object-page menu-item-13263\"><a href=\"https:\/\/vitro.bio\/pt-pt\/anatomia-patologica-solucoes-integrais\/\">Solu\u00e7\u00f5es integrais<\/a><\/li>\n<li id=\"menu-item-13266\" class=\"menu-item menu-item-type-post_type menu-item-object-page menu-item-13266\"><a href=\"https:\/\/vitro.bio\/pt-pt\/reagentes-de-anatomia-patologica\/\">Reagentes<\/a><\/li>\n<li id=\"menu-item-13265\" class=\"menu-item menu-item-type-post_type menu-item-object-page menu-item-13265\"><a href=\"https:\/\/vitro.bio\/pt-pt\/anatomia-patologica-instrumentacao\/\">Instrumenta\u00e7\u00e3o<\/a><\/li>\n<li id=\"menu-item-13264\" class=\"menu-item menu-item-type-post_type menu-item-object-page menu-item-13264\"><a href=\"https:\/\/vitro.bio\/pt-pt\/software-de-anatomia-patologica\/\">Software<\/a><\/li>\n<\/ul><\/div><\/div><div class=\"bt_bb_separator bt_bb_border_style_none bt_bb_bottom_spacing_medium\" data-bt-override-class=\"null\"><\/div><\/div><\/div><\/div><div  class=\"bt_bb_column col-xxl-2_4 col-xl-2_4 col-xs-12 col-sm-12 col-md-12 col-lg-2_4 bt_bb_vertical_align_top bt_bb_align_left bt_bb_padding_normal bt_bb_animation_fade_in animate\" style=\"; --column-width:2.4;\" data-width=\"2.4\" data-bt-override-class=\"{}\"><div class=\"bt_bb_column_content\"><div class=\"bt_bb_column_content_inner\"><header data-bb-version=\"5.1.6\" class=\"bt_bb_headline bt_bb_dash_bottom bt_bb_size_small bt_bb_align_inherit\" data-bt-override-class=\"{&quot;bt_bb_size_&quot;:{&quot;current_class&quot;:&quot;bt_bb_size_small&quot;,&quot;def&quot;:&quot;small&quot;},&quot;bt_bb_align_&quot;:{&quot;current_class&quot;:&quot;bt_bb_align_inherit&quot;,&quot;def&quot;:&quot;inherit&quot;}}\"><h2 class=\"bt_bb_headline_tag\"><span class=\"bt_bb_headline_content\"><span>Microbiologia<\/span><\/span><\/h2><\/header><div class=\"bt_bb_separator bt_bb_border_style_none bt_bb_bottom_spacing_small\" data-bt-override-class=\"null\"><\/div><div data-bb-version=\"5.1.6\" class=\"bt_bb_custom_menu bt_bb_direction_vertical bt_bb_color_light bt_bb_font_weight_normal\"><div class=\"menu-microbiologia-footer-pt-container\"><ul id=\"menu-microbiologia-footer-pt\" class=\"menu\"><li id=\"menu-item-13267\" class=\"menu-item menu-item-type-post_type menu-item-object-page menu-item-13267\"><a href=\"https:\/\/vitro.bio\/pt-pt\/solucoes-integradas-de-microbiologia\/\">Solu\u00e7\u00f5es integradas<\/a><\/li>\n<li id=\"menu-item-13268\" class=\"menu-item menu-item-type-post_type menu-item-object-page menu-item-13268\"><a href=\"https:\/\/vitro.bio\/pt-pt\/reagentes-de-microbiologia\/\">Reagentes<\/a><\/li>\n<li id=\"menu-item-13463\" class=\"menu-item menu-item-type-post_type menu-item-object-page menu-item-13463\"><a href=\"https:\/\/vitro.bio\/pt-pt\/instrumentacao-de-microbiologia\/\">Instrumenta\u00e7\u00e3o<\/a><\/li>\n<li id=\"menu-item-13464\" class=\"menu-item menu-item-type-post_type menu-item-object-page menu-item-13464\"><a href=\"https:\/\/vitro.bio\/pt-pt\/software-de-microbiologia\/\">Software<\/a><\/li>\n<\/ul><\/div><\/div><div class=\"bt_bb_separator bt_bb_border_style_none bt_bb_bottom_spacing_medium\" data-bt-override-class=\"null\"><\/div><\/div><\/div><\/div><div  class=\"bt_bb_column col-xxl-2_4 col-xl-2_4 col-xs-12 col-sm-12 col-md-12 col-lg-2_4 bt_bb_vertical_align_top bt_bb_align_left bt_bb_padding_normal bt_bb_animation_fade_in animate\" style=\"; --column-width:2.4;\" data-width=\"2.4\" data-bt-override-class=\"{}\"><div class=\"bt_bb_column_content\"><div class=\"bt_bb_column_content_inner\"><header data-bb-version=\"5.1.6\" class=\"bt_bb_headline bt_bb_dash_bottom bt_bb_size_small bt_bb_align_inherit\" data-bt-override-class=\"{&quot;bt_bb_size_&quot;:{&quot;current_class&quot;:&quot;bt_bb_size_small&quot;,&quot;def&quot;:&quot;small&quot;},&quot;bt_bb_align_&quot;:{&quot;current_class&quot;:&quot;bt_bb_align_inherit&quot;,&quot;def&quot;:&quot;inherit&quot;}}\"><h2 class=\"bt_bb_headline_tag\"><span class=\"bt_bb_headline_content\"><span>Informa\u00e7\u00e3o legal<\/span><\/span><\/h2><\/header><div class=\"bt_bb_separator bt_bb_border_style_none bt_bb_bottom_spacing_small\" data-bt-override-class=\"null\"><\/div><div data-bb-version=\"5.1.6\" class=\"bt_bb_custom_menu bt_bb_direction_vertical bt_bb_color_light bt_bb_font_weight_normal\"><div class=\"menu-legal-footer-pt-container\"><ul id=\"menu-legal-footer-pt\" class=\"menu\"><li id=\"menu-item-13247\" class=\"menu-item menu-item-type-post_type menu-item-object-page menu-item-13247\"><a href=\"https:\/\/vitro.bio\/pt-pt\/aviso-legal\/\">Aviso legal<\/a><\/li>\n<li id=\"menu-item-13248\" class=\"menu-item menu-item-type-custom menu-item-object-custom menu-item-13248\"><a href=\"https:\/\/vitro.bio\/download\/13023\/?tmstv=1729237438\">C\u00f3digo de conduta<\/a><\/li>\n<li id=\"menu-item-13246\" class=\"menu-item menu-item-type-post_type menu-item-object-page menu-item-13246\"><a href=\"https:\/\/vitro.bio\/pt-pt\/politica-de-cookies\/\">Pol\u00edtica de cookies<\/a><\/li>\n<li id=\"menu-item-13249\" class=\"menu-item menu-item-type-custom menu-item-object-custom menu-item-13249\"><a href=\"https:\/\/app.laworatory.com\/multi-channel\/vitro\">Canal de reclama\u00e7\u00f5es<\/a><\/li>\n<li id=\"menu-item-13245\" class=\"menu-item menu-item-type-post_type menu-item-object-page menu-item-13245\"><a href=\"https:\/\/vitro.bio\/pt-pt\/suporte\/\">Suporte<\/a><\/li>\n<\/ul><\/div><\/div><div class=\"bt_bb_separator bt_bb_border_style_none bt_bb_bottom_spacing_medium\" data-bt-override-class=\"null\"><\/div><\/div><\/div><\/div><\/div><\/div><\/div><!-- cell_inner --><\/div><!-- cell --><\/div><!-- port --><\/section>\n","protected":false},"excerpt":{"rendered":"","protected":false},"author":1,"featured_media":0,"parent":0,"menu_order":0,"comment_status":"closed","ping_status":"closed","template":"","meta":{"footnotes":""},"class_list":["post-13083","page","type-page","status-publish","hentry"],"yoast_head":"<!-- This site is optimized with the Yoast SEO plugin v27.3 - https:\/\/yoast.com\/product\/yoast-seo-wordpress\/ -->\n<title>Footer PT - Vitro master diagn\u00f3stica<\/title>\n<meta name=\"robots\" content=\"index, follow, max-snippet:-1, max-image-preview:large, max-video-preview:-1\" \/>\n<link rel=\"canonical\" href=\"https:\/\/vitro.bio\/pt-pt\/footer\/\" \/>\n<meta property=\"og:locale\" content=\"pt_PT\" \/>\n<meta property=\"og:type\" content=\"article\" \/>\n<meta property=\"og:title\" content=\"Footer PT - Vitro master diagn\u00f3stica\" \/>\n<meta property=\"og:url\" content=\"https:\/\/vitro.bio\/pt-pt\/footer\/\" \/>\n<meta property=\"og:site_name\" content=\"Vitro master diagn\u00f3stica\" \/>\n<meta property=\"article:modified_time\" content=\"2024-11-20T13:16:12+00:00\" \/>\n<meta name=\"twitter:card\" content=\"summary_large_image\" \/>\n<meta name=\"twitter:label1\" content=\"Tempo estimado de leitura\" \/>\n\t<meta name=\"twitter:data1\" content=\"8 minutos\" \/>\n<script type=\"application\/ld+json\" class=\"yoast-schema-graph\">{\"@context\":\"https:\\\/\\\/schema.org\",\"@graph\":[{\"@type\":\"WebPage\",\"@id\":\"https:\\\/\\\/vitro.bio\\\/pt-pt\\\/footer\\\/\",\"url\":\"https:\\\/\\\/vitro.bio\\\/pt-pt\\\/footer\\\/\",\"name\":\"Footer PT - Vitro master diagn\u00f3stica\",\"isPartOf\":{\"@id\":\"https:\\\/\\\/vitro.bio\\\/#website\"},\"datePublished\":\"2020-03-26T11:15:25+00:00\",\"dateModified\":\"2024-11-20T13:16:12+00:00\",\"breadcrumb\":{\"@id\":\"https:\\\/\\\/vitro.bio\\\/pt-pt\\\/footer\\\/#breadcrumb\"},\"inLanguage\":\"pt-PT\",\"potentialAction\":[{\"@type\":\"ReadAction\",\"target\":[\"https:\\\/\\\/vitro.bio\\\/pt-pt\\\/footer\\\/\"]}]},{\"@type\":\"BreadcrumbList\",\"@id\":\"https:\\\/\\\/vitro.bio\\\/pt-pt\\\/footer\\\/#breadcrumb\",\"itemListElement\":[{\"@type\":\"ListItem\",\"position\":1,\"name\":\"Home\",\"item\":\"https:\\\/\\\/vitro.bio\\\/pt-pt\\\/\"},{\"@type\":\"ListItem\",\"position\":2,\"name\":\"Footer PT\"}]},{\"@type\":\"WebSite\",\"@id\":\"https:\\\/\\\/vitro.bio\\\/#website\",\"url\":\"https:\\\/\\\/vitro.bio\\\/\",\"name\":\"Vitro master diagn\u00f3stica\",\"description\":\"\",\"publisher\":{\"@id\":\"https:\\\/\\\/vitro.bio\\\/#organization\"},\"potentialAction\":[{\"@type\":\"SearchAction\",\"target\":{\"@type\":\"EntryPoint\",\"urlTemplate\":\"https:\\\/\\\/vitro.bio\\\/?s={search_term_string}\"},\"query-input\":{\"@type\":\"PropertyValueSpecification\",\"valueRequired\":true,\"valueName\":\"search_term_string\"}}],\"inLanguage\":\"pt-PT\"},{\"@type\":\"Organization\",\"@id\":\"https:\\\/\\\/vitro.bio\\\/#organization\",\"name\":\"Vitro master diagn\u00f3stica\",\"url\":\"https:\\\/\\\/vitro.bio\\\/\",\"logo\":{\"@type\":\"ImageObject\",\"inLanguage\":\"pt-PT\",\"@id\":\"https:\\\/\\\/vitro.bio\\\/#\\\/schema\\\/logo\\\/image\\\/\",\"url\":\"https:\\\/\\\/vitro.bio\\\/wp-content\\\/uploads\\\/2024\\\/10\\\/LOGO-VITRO-MASTER-DIAGNOSTICA.png\",\"contentUrl\":\"https:\\\/\\\/vitro.bio\\\/wp-content\\\/uploads\\\/2024\\\/10\\\/LOGO-VITRO-MASTER-DIAGNOSTICA.png\",\"width\":1916,\"height\":597,\"caption\":\"Vitro master diagn\u00f3stica\"},\"image\":{\"@id\":\"https:\\\/\\\/vitro.bio\\\/#\\\/schema\\\/logo\\\/image\\\/\"}}]}<\/script>\n<!-- \/ Yoast SEO plugin. -->","yoast_head_json":{"title":"Footer PT - Vitro master diagn\u00f3stica","robots":{"index":"index","follow":"follow","max-snippet":"max-snippet:-1","max-image-preview":"max-image-preview:large","max-video-preview":"max-video-preview:-1"},"canonical":"https:\/\/vitro.bio\/pt-pt\/footer\/","og_locale":"pt_PT","og_type":"article","og_title":"Footer PT - Vitro master diagn\u00f3stica","og_url":"https:\/\/vitro.bio\/pt-pt\/footer\/","og_site_name":"Vitro master diagn\u00f3stica","article_modified_time":"2024-11-20T13:16:12+00:00","twitter_card":"summary_large_image","twitter_misc":{"Tempo estimado de leitura":"8 minutos"},"schema":{"@context":"https:\/\/schema.org","@graph":[{"@type":"WebPage","@id":"https:\/\/vitro.bio\/pt-pt\/footer\/","url":"https:\/\/vitro.bio\/pt-pt\/footer\/","name":"Footer PT - Vitro master diagn\u00f3stica","isPartOf":{"@id":"https:\/\/vitro.bio\/#website"},"datePublished":"2020-03-26T11:15:25+00:00","dateModified":"2024-11-20T13:16:12+00:00","breadcrumb":{"@id":"https:\/\/vitro.bio\/pt-pt\/footer\/#breadcrumb"},"inLanguage":"pt-PT","potentialAction":[{"@type":"ReadAction","target":["https:\/\/vitro.bio\/pt-pt\/footer\/"]}]},{"@type":"BreadcrumbList","@id":"https:\/\/vitro.bio\/pt-pt\/footer\/#breadcrumb","itemListElement":[{"@type":"ListItem","position":1,"name":"Home","item":"https:\/\/vitro.bio\/pt-pt\/"},{"@type":"ListItem","position":2,"name":"Footer PT"}]},{"@type":"WebSite","@id":"https:\/\/vitro.bio\/#website","url":"https:\/\/vitro.bio\/","name":"Vitro master diagn\u00f3stica","description":"","publisher":{"@id":"https:\/\/vitro.bio\/#organization"},"potentialAction":[{"@type":"SearchAction","target":{"@type":"EntryPoint","urlTemplate":"https:\/\/vitro.bio\/?s={search_term_string}"},"query-input":{"@type":"PropertyValueSpecification","valueRequired":true,"valueName":"search_term_string"}}],"inLanguage":"pt-PT"},{"@type":"Organization","@id":"https:\/\/vitro.bio\/#organization","name":"Vitro master diagn\u00f3stica","url":"https:\/\/vitro.bio\/","logo":{"@type":"ImageObject","inLanguage":"pt-PT","@id":"https:\/\/vitro.bio\/#\/schema\/logo\/image\/","url":"https:\/\/vitro.bio\/wp-content\/uploads\/2024\/10\/LOGO-VITRO-MASTER-DIAGNOSTICA.png","contentUrl":"https:\/\/vitro.bio\/wp-content\/uploads\/2024\/10\/LOGO-VITRO-MASTER-DIAGNOSTICA.png","width":1916,"height":597,"caption":"Vitro master diagn\u00f3stica"},"image":{"@id":"https:\/\/vitro.bio\/#\/schema\/logo\/image\/"}}]}},"_links":{"self":[{"href":"https:\/\/vitro.bio\/pt-pt\/wp-json\/wp\/v2\/pages\/13083","targetHints":{"allow":["GET"]}}],"collection":[{"href":"https:\/\/vitro.bio\/pt-pt\/wp-json\/wp\/v2\/pages"}],"about":[{"href":"https:\/\/vitro.bio\/pt-pt\/wp-json\/wp\/v2\/types\/page"}],"author":[{"embeddable":true,"href":"https:\/\/vitro.bio\/pt-pt\/wp-json\/wp\/v2\/users\/1"}],"replies":[{"embeddable":true,"href":"https:\/\/vitro.bio\/pt-pt\/wp-json\/wp\/v2\/comments?post=13083"}],"version-history":[{"count":0,"href":"https:\/\/vitro.bio\/pt-pt\/wp-json\/wp\/v2\/pages\/13083\/revisions"}],"wp:attachment":[{"href":"https:\/\/vitro.bio\/pt-pt\/wp-json\/wp\/v2\/media?parent=13083"}],"curies":[{"name":"wp","href":"https:\/\/api.w.org\/{rel}","templated":true}]}}