{"id":13170,"date":"2024-08-27T14:00:09","date_gmt":"2024-08-27T12:00:09","guid":{"rendered":"https:\/\/vitro.bio\/laboratorio-de-referencia\/laboratorio-de-referencia-pedido-de-informacoes\/"},"modified":"2024-11-19T17:54:34","modified_gmt":"2024-11-19T16:54:34","slug":"laboratorio-de-referencia-pedido-de-informacoes","status":"publish","type":"page","link":"https:\/\/vitro.bio\/pt-pt\/laboratorio-de-referencia\/laboratorio-de-referencia-pedido-de-informacoes\/","title":{"rendered":"Pedido de informa\u00e7\u00f5es"},"content":{"rendered":"<p><section data-bb-version=\"5.1.4\" id=\"bt_bb_section69e5d3f95180d\" class=\"bt_bb_section bt_bb_color_scheme_6 bt_bb_layout_boxed_1200 bt_bb_vertical_align_top bt_bb_bottom_section_coverage_image bt_bb_section_with_bottom_coverage_image bt_bb_top_spacing_medium bt_bb_bottom_spacing_large\" style=\"; --section-primary-color:#ffffff; --section-secondary-color:#009ee0;\" data-bt-override-class=\"{&quot;bt_bb_top_spacing_&quot;:{&quot;current_class&quot;:&quot;bt_bb_top_spacing_medium&quot;,&quot;def&quot;:&quot;medium&quot;},&quot;bt_bb_bottom_spacing_&quot;:{&quot;current_class&quot;:&quot;bt_bb_bottom_spacing_large&quot;,&quot;def&quot;:&quot;large&quot;}}\"><div class=\"bt_bb_background_image_holder_wrapper\"><div class=\"bt_bb_background_image_holder bt_bb_parallax\"  data-parallax=\"0.7\" data-parallax-offset=\"0\" data-parallax-zoom-start=\"1\" data-parallax-zoom-end=\"1\" data-parallax-blur-start=\"0\" data-parallax-blur-end=\"0\" data-parallax-opacity-start=\"1\" data-parallax-opacity-end=\"1\" style=\" background-image:url(&#039;https:\/\/vitro.bio\/wp-content\/uploads\/2023\/12\/doctor-working-on-computer.jpg&#039;);\"><\/div><\/div><div class=\"bt_bb_port\"><div class=\"bt_bb_cell\"><div class=\"bt_bb_cell_inner\"><div class=\"bt_bb_row \"  data-bt-override-class=\"{}\"><div class=\"bt_bb_row_holder\" ><div  class=\"bt_bb_column col-xxl-8 col-xl-8 bt_bb_vertical_align_middle bt_bb_align_left bt_bb_padding_normal bt_bb_animation_fade_in animate\" style=\"; --column-width:8;\" data-width=\"8\" data-bt-override-class=\"{}\"><div class=\"bt_bb_column_content\"><div class=\"bt_bb_column_content_inner\"><header data-bb-version=\"5.1.6\" class=\"bt_bb_headline bt_bb_font_weight_medium bt_bb_dash_none bt_bb_size_large bt_bb_align_inherit\" data-bt-override-class=\"{&quot;bt_bb_size_&quot;:{&quot;current_class&quot;:&quot;bt_bb_size_large&quot;,&quot;def&quot;:&quot;large&quot;},&quot;bt_bb_align_&quot;:{&quot;current_class&quot;:&quot;bt_bb_align_inherit&quot;,&quot;def&quot;:&quot;inherit&quot;}}\"><h1 class=\"bt_bb_headline_tag\"><span class=\"bt_bb_headline_content\"><span>Laborat\u00f3rio de refer\u00eancia<\/span><\/span><\/h1><\/header><div class=\"bt_bb_separator bt_bb_border_style_none bt_bb_border_color_none bt_bb_top_spacing_normal bt_bb_bottom_spacing_\" data-bt-override-class=\"{&quot;bt_bb_top_spacing_&quot;:{&quot;current_class&quot;:&quot;bt_bb_top_spacing_normal&quot;,&quot;def&quot;:&quot;normal&quot;,&quot;xl&quot;:&quot;normal&quot;},&quot;bt_bb_bottom_spacing_&quot;:{&quot;current_class&quot;:&quot;bt_bb_bottom_spacing_&quot;,&quot;def&quot;:&quot;&quot;,&quot;xl&quot;:&quot;&quot;}}\"><\/div><div data-bb-version=\"4.7.6\"  class=\"bt_bb_text\" ><\/p>\n<nav aria-label=\"breadcrumbs\">\n<div class=\"breadcrumb-container theme5\">\n<ol>\n                                    <\/ol>\n<\/p><\/div>\n<\/nav>\n<p>    <script type=\"application\/ld+json\">\n        {\n            \"@context\": \"http:\/\/schema.org\",\n            \"@type\": \"BreadcrumbList\",\n            \"itemListElement\": [\n                            ]\n        }\n    <\/script><\/p>\n<p>    <script>\n            <\/script><\/p>\n<p>\n<\/div><\/div><\/div><\/div><div  class=\"bt_bb_column col-xxl-4 col-xl-4 bt_bb_vertical_align_top bt_bb_align_left bt_bb_padding_normal\" style=\"; --column-width:4;\" data-width=\"4\" data-bt-override-class=\"{}\"><div class=\"bt_bb_column_content\"><div class=\"bt_bb_column_content_inner\"><\/div><\/div><\/div><\/div><\/div><\/div><!-- cell_inner --><\/div><!-- cell --><\/div><!-- port --><div class=\"bt_bb_section_bottom_section_coverage_image\"><img decoding=\"async\" src=\"https:\/\/vitro.bio\/wp-content\/uploads\/2020\/04\/bottom_cover_3.png\" alt=\"bt_bb_section_bottom_section_coverage_image\" \/><\/div><\/section><section data-bb-version=\"4.7.6\" id=\"contact\" class=\"bt_bb_section bt_bb_layout_wide bt_bb_vertical_align_top bt_bb_top_spacing_normal bt_bb_bottom_spacing_medium\"  data-bt-override-class=\"{&quot;bt_bb_top_spacing_&quot;:{&quot;current_class&quot;:&quot;bt_bb_top_spacing_normal&quot;,&quot;def&quot;:&quot;normal&quot;},&quot;bt_bb_bottom_spacing_&quot;:{&quot;current_class&quot;:&quot;bt_bb_bottom_spacing_medium&quot;,&quot;def&quot;:&quot;medium&quot;}}\"><div class=\"bt_bb_background_image_holder_wrapper\"><div class=\"bt_bb_background_image_holder btLazyLoadBackground bt_bb_parallax\"  data-background_image_src=\"https:\/\/vitro.bio\/wp-content\/uploads\/2022\/02\/bg_vitro_b_left_azul.jpg\" data-parallax=\"0.7\" data-parallax-offset=\"150\" data-parallax-zoom-start=\"1\" data-parallax-zoom-end=\"1\" data-parallax-blur-start=\"0\" data-parallax-blur-end=\"0\" data-parallax-opacity-start=\"1\" data-parallax-opacity-end=\"1\" style=\" background-image: url(&#039;https:\/\/vitro.bio\/wp-content\/plugins\/bold-page-builder\/img\/blank.gif&#039;);\"><\/div><\/div><div class=\"bt_bb_port\"><div class=\"bt_bb_cell\"><div class=\"bt_bb_cell_inner\"><div class=\"bt_bb_row bt_bb_row_width_boxed_1200 bt_bb_row_width_boxed \"  data-bt-override-class=\"{}\"><div class=\"bt_bb_row_holder\" ><div  class=\"bt_bb_column col-xxl-8 col-xl-8 col-xs-12 col-sm-12 col-md-12 col-lg-8 bt_bb_vertical_align_top bt_bb_align_left bt_bb_padding_double bt_bb_animation_fade_in animate bt_bb_details-color_white\" style=\"; --column-width:8;\" data-width=\"8\" data-bt-override-class=\"{&quot;bt_bb_align_&quot;:{&quot;current_class&quot;:&quot;bt_bb_align_left&quot;,&quot;def&quot;:&quot;left&quot;,&quot;xl&quot;:&quot;left&quot;},&quot;bt_bb_padding_&quot;:{&quot;current_class&quot;:&quot;bt_bb_padding_double&quot;,&quot;def&quot;:&quot;double&quot;,&quot;xl&quot;:&quot;double&quot;}}\"><div class=\"bt_bb_column_content\"><div class=\"bt_bb_column_content_inner\"><div class=\"bt_bb_separator bt_bb_border_style_none bt_bb_border_color_none bt_bb_bottom_spacing_medium bt_bb_hidden_md bt_bb_hidden_lg\" data-bt-override-class=\"null\"><\/div><header data-bb-version=\"5.1.6\" class=\"bt_bb_headline bt_bb_dash_none bt_bb_size_normal bt_bb_align_inherit\" data-bt-override-class=\"{&quot;bt_bb_size_&quot;:{&quot;current_class&quot;:&quot;bt_bb_size_normal&quot;,&quot;def&quot;:&quot;normal&quot;},&quot;bt_bb_align_&quot;:{&quot;current_class&quot;:&quot;bt_bb_align_inherit&quot;,&quot;def&quot;:&quot;inherit&quot;}}\"><h4 class=\"bt_bb_headline_tag\"><span class=\"bt_bb_headline_content\"><span>Envie-nos <strong>o seu pedido de informa\u00e7\u00f5es<\/strong><\/span><\/span><\/h4><\/header><div class=\"bt_bb_separator bt_bb_border_style_none bt_bb_top_spacing_small bt_bb_bottom_spacing_normal\" data-bt-override-class=\"null\"><\/div><div data-bb-version=\"5.1.6\" class=\"bt_bb_contact_form_7\">\n<div class=\"wpcf7 no-js\" id=\"wpcf7-f13174-o1\" lang=\"en-US\" dir=\"ltr\" data-wpcf7-id=\"13174\">\n<div class=\"screen-reader-response\"><p role=\"status\" aria-live=\"polite\" aria-atomic=\"true\"><\/p> <ul><\/ul><\/div>\n<form action=\"\/pt-pt\/wp-json\/wp\/v2\/pages\/13170#wpcf7-f13174-o1\" method=\"post\" class=\"wpcf7-form init\" aria-label=\"Contact form\" novalidate=\"novalidate\" data-status=\"init\">\n<fieldset class=\"hidden-fields-container\"><input type=\"hidden\" name=\"_wpcf7\" value=\"13174\" \/><input type=\"hidden\" name=\"_wpcf7_version\" value=\"6.1.5\" \/><input type=\"hidden\" name=\"_wpcf7_locale\" value=\"en_US\" \/><input type=\"hidden\" name=\"_wpcf7_unit_tag\" value=\"wpcf7-f13174-o1\" \/><input type=\"hidden\" name=\"_wpcf7_container_post\" value=\"0\" \/><input type=\"hidden\" name=\"_wpcf7_posted_data_hash\" value=\"\" \/>\n<\/fieldset>\n<p><span class=\"wpcf7-form-control-wrap\" data-name=\"your-name\"><input size=\"40\" maxlength=\"400\" class=\"wpcf7-form-control wpcf7-text wpcf7-validates-as-required\" aria-required=\"true\" aria-invalid=\"false\" placeholder=\"Nome (obrigat\u00f3rio)*\" value=\"\" type=\"text\" name=\"your-name\" \/><\/span><br \/>\n<span class=\"wpcf7-form-control-wrap\" data-name=\"your-email\"><input size=\"40\" maxlength=\"400\" class=\"wpcf7-form-control wpcf7-email wpcf7-validates-as-required wpcf7-text wpcf7-validates-as-email\" aria-required=\"true\" aria-invalid=\"false\" placeholder=\"Email (obrigat\u00f3rio)*\" value=\"\" type=\"email\" name=\"your-email\" \/><\/span><br \/>\n<span class=\"wpcf7-form-control-wrap\" data-name=\"your-subject\"><input size=\"40\" maxlength=\"400\" class=\"wpcf7-form-control wpcf7-text\" aria-invalid=\"false\" placeholder=\"Assunto sobre o laborat\u00f3rio de refer\u00eancia\" value=\"\" type=\"text\" name=\"your-subject\" \/><\/span><br \/>\n<span class=\"wpcf7-form-control-wrap\" data-name=\"your-message\"><textarea cols=\"40\" rows=\"10\" maxlength=\"2000\" class=\"wpcf7-form-control wpcf7-textarea\" aria-invalid=\"false\" placeholder=\"Mensagem\" name=\"your-message\"><\/textarea><\/span><br \/>\n<label><span class=\"wpcf7-form-control-wrap\" data-name=\"acceptance-939\"><span class=\"wpcf7-form-control wpcf7-acceptance\"><span class=\"wpcf7-list-item\"><input type=\"checkbox\" name=\"acceptance-939\" value=\"1\" aria-invalid=\"false\" \/><\/span><\/span><\/span> Aceito a cl\u00e1usula de prote\u00e7\u00e3o de dados<br \/>\n<span class=\"aviso\">Deve aceitar a cl\u00e1usula do RGPD Informa\u00e7\u00f5es b\u00e1sicas sobre a prote\u00e7\u00e3o de dados pessoais<\/span><\/label><br \/>\n<small>Regulador: Vitro S.A<br \/>\nObjetivo do tratamento dos seus dados: Gerir os seus pedidos<br \/>\nLegalidade: O seu consentimento pr\u00e9vio, assinalando a caixa de aprova\u00e7\u00e3o<br \/>\nDestinat\u00e1rios: Os dados n\u00e3o ser\u00e3o transmitidos a terceiros, salvo por obriga\u00e7\u00e3o legal<br \/>\nDireitos: Aceder, modificar e apagar dados, bem como outros direitos, tal como explicado nas informa\u00e7\u00f5es adicionais<br \/>\nInforma\u00e7\u00f5es adicionais: Para obter mais informa\u00e7\u00f5es pormenorizadas sobre a nossa pol\u00edtica de prote\u00e7\u00e3o de dados, consulte a p\u00e1gina de <a href=\"\/pt-pt\/legal-notice\/\">aviso legal<\/a><\/small><br \/>\n<input class=\"wpcf7-form-control wpcf7-submit has-spinner\" type=\"submit\" value=\"ENVIAR\" \/>\n<\/p><div class=\"wpcf7-response-output\" aria-hidden=\"true\"><\/div>\n<\/form>\n<\/div>\n<\/div><\/div><\/div><\/div><div data-bb-version=\"4.7.6\"  class=\"bt_bb_column col-xxl-4 col-xl-4 col-xs-12 col-sm-12 col-md-12 col-lg-4 bt_bb_vertical_align_top bt_bb_align_left bt_bb_padding_normal\" style=\"; --column-width:4;\" data-width=\"4\" data-bt-override-class=\"{}\"><div class=\"bt_bb_column_content\"><div class=\"bt_bb_column_content_inner\"><\/div><\/div><\/div><\/div><\/div><\/div><!-- cell_inner --><\/div><!-- cell --><\/div><!-- port --><\/section><\/p>\n","protected":false},"excerpt":{"rendered":"","protected":false},"author":24,"featured_media":0,"parent":13160,"menu_order":0,"comment_status":"closed","ping_status":"closed","template":"","meta":{"footnotes":""},"class_list":["post-13170","page","type-page","status-publish","hentry"],"yoast_head":"<!-- This site is optimized with the Yoast SEO plugin v27.3 - https:\/\/yoast.com\/product\/yoast-seo-wordpress\/ -->\n<title>Pedido de informa\u00e7\u00f5es - Vitro master diagn\u00f3stica<\/title>\n<meta name=\"robots\" content=\"index, follow, max-snippet:-1, max-image-preview:large, max-video-preview:-1\" \/>\n<link rel=\"canonical\" href=\"https:\/\/vitro.bio\/laboratorio-de-referencia\/solicitud-de-informacion-laboratorio-de-referencia\/\" \/>\n<meta property=\"og:locale\" content=\"pt_PT\" \/>\n<meta property=\"og:type\" content=\"article\" \/>\n<meta property=\"og:title\" content=\"Pedido de informa\u00e7\u00f5es - Vitro master diagn\u00f3stica\" \/>\n<meta property=\"og:url\" content=\"https:\/\/vitro.bio\/laboratorio-de-referencia\/solicitud-de-informacion-laboratorio-de-referencia\/\" \/>\n<meta property=\"og:site_name\" content=\"Vitro master diagn\u00f3stica\" \/>\n<meta property=\"article:modified_time\" content=\"2024-11-19T16:54:34+00:00\" \/>\n<meta name=\"twitter:card\" content=\"summary_large_image\" \/>\n<meta name=\"twitter:label1\" content=\"Tempo estimado de leitura\" \/>\n\t<meta name=\"twitter:data1\" content=\"4 minutos\" \/>\n<script type=\"application\/ld+json\" class=\"yoast-schema-graph\">{\"@context\":\"https:\\\/\\\/schema.org\",\"@graph\":[{\"@type\":\"WebPage\",\"@id\":\"https:\\\/\\\/vitro.bio\\\/laboratorio-de-referencia\\\/solicitud-de-informacion-laboratorio-de-referencia\\\/\",\"url\":\"https:\\\/\\\/vitro.bio\\\/laboratorio-de-referencia\\\/solicitud-de-informacion-laboratorio-de-referencia\\\/\",\"name\":\"Pedido de informa\u00e7\u00f5es - Vitro master diagn\u00f3stica\",\"isPartOf\":{\"@id\":\"https:\\\/\\\/vitro.bio\\\/#website\"},\"datePublished\":\"2024-08-27T12:00:09+00:00\",\"dateModified\":\"2024-11-19T16:54:34+00:00\",\"breadcrumb\":{\"@id\":\"https:\\\/\\\/vitro.bio\\\/laboratorio-de-referencia\\\/solicitud-de-informacion-laboratorio-de-referencia\\\/#breadcrumb\"},\"inLanguage\":\"pt-PT\",\"potentialAction\":[{\"@type\":\"ReadAction\",\"target\":[\"https:\\\/\\\/vitro.bio\\\/laboratorio-de-referencia\\\/solicitud-de-informacion-laboratorio-de-referencia\\\/\"]}]},{\"@type\":\"BreadcrumbList\",\"@id\":\"https:\\\/\\\/vitro.bio\\\/laboratorio-de-referencia\\\/solicitud-de-informacion-laboratorio-de-referencia\\\/#breadcrumb\",\"itemListElement\":[{\"@type\":\"ListItem\",\"position\":1,\"name\":\"Home\",\"item\":\"https:\\\/\\\/vitro.bio\\\/pt-pt\\\/\"},{\"@type\":\"ListItem\",\"position\":2,\"name\":\"Laborat\u00f3rio de refer\u00eancia\",\"item\":\"https:\\\/\\\/vitro.bio\\\/laboratorio-de-referencia\\\/\"},{\"@type\":\"ListItem\",\"position\":3,\"name\":\"Pedido de informa\u00e7\u00f5es\"}]},{\"@type\":\"WebSite\",\"@id\":\"https:\\\/\\\/vitro.bio\\\/#website\",\"url\":\"https:\\\/\\\/vitro.bio\\\/\",\"name\":\"Vitro master diagn\u00f3stica\",\"description\":\"\",\"publisher\":{\"@id\":\"https:\\\/\\\/vitro.bio\\\/#organization\"},\"potentialAction\":[{\"@type\":\"SearchAction\",\"target\":{\"@type\":\"EntryPoint\",\"urlTemplate\":\"https:\\\/\\\/vitro.bio\\\/?s={search_term_string}\"},\"query-input\":{\"@type\":\"PropertyValueSpecification\",\"valueRequired\":true,\"valueName\":\"search_term_string\"}}],\"inLanguage\":\"pt-PT\"},{\"@type\":\"Organization\",\"@id\":\"https:\\\/\\\/vitro.bio\\\/#organization\",\"name\":\"Vitro master diagn\u00f3stica\",\"url\":\"https:\\\/\\\/vitro.bio\\\/\",\"logo\":{\"@type\":\"ImageObject\",\"inLanguage\":\"pt-PT\",\"@id\":\"https:\\\/\\\/vitro.bio\\\/#\\\/schema\\\/logo\\\/image\\\/\",\"url\":\"https:\\\/\\\/vitro.bio\\\/wp-content\\\/uploads\\\/2024\\\/10\\\/LOGO-VITRO-MASTER-DIAGNOSTICA.png\",\"contentUrl\":\"https:\\\/\\\/vitro.bio\\\/wp-content\\\/uploads\\\/2024\\\/10\\\/LOGO-VITRO-MASTER-DIAGNOSTICA.png\",\"width\":1916,\"height\":597,\"caption\":\"Vitro master diagn\u00f3stica\"},\"image\":{\"@id\":\"https:\\\/\\\/vitro.bio\\\/#\\\/schema\\\/logo\\\/image\\\/\"}}]}<\/script>\n<!-- \/ Yoast SEO plugin. -->","yoast_head_json":{"title":"Pedido de informa\u00e7\u00f5es - Vitro master diagn\u00f3stica","robots":{"index":"index","follow":"follow","max-snippet":"max-snippet:-1","max-image-preview":"max-image-preview:large","max-video-preview":"max-video-preview:-1"},"canonical":"https:\/\/vitro.bio\/laboratorio-de-referencia\/solicitud-de-informacion-laboratorio-de-referencia\/","og_locale":"pt_PT","og_type":"article","og_title":"Pedido de informa\u00e7\u00f5es - Vitro master diagn\u00f3stica","og_url":"https:\/\/vitro.bio\/laboratorio-de-referencia\/solicitud-de-informacion-laboratorio-de-referencia\/","og_site_name":"Vitro master diagn\u00f3stica","article_modified_time":"2024-11-19T16:54:34+00:00","twitter_card":"summary_large_image","twitter_misc":{"Tempo estimado de leitura":"4 minutos"},"schema":{"@context":"https:\/\/schema.org","@graph":[{"@type":"WebPage","@id":"https:\/\/vitro.bio\/laboratorio-de-referencia\/solicitud-de-informacion-laboratorio-de-referencia\/","url":"https:\/\/vitro.bio\/laboratorio-de-referencia\/solicitud-de-informacion-laboratorio-de-referencia\/","name":"Pedido de informa\u00e7\u00f5es - Vitro master diagn\u00f3stica","isPartOf":{"@id":"https:\/\/vitro.bio\/#website"},"datePublished":"2024-08-27T12:00:09+00:00","dateModified":"2024-11-19T16:54:34+00:00","breadcrumb":{"@id":"https:\/\/vitro.bio\/laboratorio-de-referencia\/solicitud-de-informacion-laboratorio-de-referencia\/#breadcrumb"},"inLanguage":"pt-PT","potentialAction":[{"@type":"ReadAction","target":["https:\/\/vitro.bio\/laboratorio-de-referencia\/solicitud-de-informacion-laboratorio-de-referencia\/"]}]},{"@type":"BreadcrumbList","@id":"https:\/\/vitro.bio\/laboratorio-de-referencia\/solicitud-de-informacion-laboratorio-de-referencia\/#breadcrumb","itemListElement":[{"@type":"ListItem","position":1,"name":"Home","item":"https:\/\/vitro.bio\/pt-pt\/"},{"@type":"ListItem","position":2,"name":"Laborat\u00f3rio de refer\u00eancia","item":"https:\/\/vitro.bio\/laboratorio-de-referencia\/"},{"@type":"ListItem","position":3,"name":"Pedido de informa\u00e7\u00f5es"}]},{"@type":"WebSite","@id":"https:\/\/vitro.bio\/#website","url":"https:\/\/vitro.bio\/","name":"Vitro master diagn\u00f3stica","description":"","publisher":{"@id":"https:\/\/vitro.bio\/#organization"},"potentialAction":[{"@type":"SearchAction","target":{"@type":"EntryPoint","urlTemplate":"https:\/\/vitro.bio\/?s={search_term_string}"},"query-input":{"@type":"PropertyValueSpecification","valueRequired":true,"valueName":"search_term_string"}}],"inLanguage":"pt-PT"},{"@type":"Organization","@id":"https:\/\/vitro.bio\/#organization","name":"Vitro master diagn\u00f3stica","url":"https:\/\/vitro.bio\/","logo":{"@type":"ImageObject","inLanguage":"pt-PT","@id":"https:\/\/vitro.bio\/#\/schema\/logo\/image\/","url":"https:\/\/vitro.bio\/wp-content\/uploads\/2024\/10\/LOGO-VITRO-MASTER-DIAGNOSTICA.png","contentUrl":"https:\/\/vitro.bio\/wp-content\/uploads\/2024\/10\/LOGO-VITRO-MASTER-DIAGNOSTICA.png","width":1916,"height":597,"caption":"Vitro master diagn\u00f3stica"},"image":{"@id":"https:\/\/vitro.bio\/#\/schema\/logo\/image\/"}}]}},"_links":{"self":[{"href":"https:\/\/vitro.bio\/pt-pt\/wp-json\/wp\/v2\/pages\/13170","targetHints":{"allow":["GET"]}}],"collection":[{"href":"https:\/\/vitro.bio\/pt-pt\/wp-json\/wp\/v2\/pages"}],"about":[{"href":"https:\/\/vitro.bio\/pt-pt\/wp-json\/wp\/v2\/types\/page"}],"author":[{"embeddable":true,"href":"https:\/\/vitro.bio\/pt-pt\/wp-json\/wp\/v2\/users\/24"}],"replies":[{"embeddable":true,"href":"https:\/\/vitro.bio\/pt-pt\/wp-json\/wp\/v2\/comments?post=13170"}],"version-history":[{"count":0,"href":"https:\/\/vitro.bio\/pt-pt\/wp-json\/wp\/v2\/pages\/13170\/revisions"}],"up":[{"embeddable":true,"href":"https:\/\/vitro.bio\/pt-pt\/wp-json\/wp\/v2\/pages\/13160"}],"wp:attachment":[{"href":"https:\/\/vitro.bio\/pt-pt\/wp-json\/wp\/v2\/media?parent=13170"}],"curies":[{"name":"wp","href":"https:\/\/api.w.org\/{rel}","templated":true}]}}