{"id":13187,"date":"2024-04-01T14:27:44","date_gmt":"2024-04-01T12:27:44","guid":{"rendered":"https:\/\/vitro.bio\/localizador-de-produtos\/"},"modified":"2024-11-19T18:28:00","modified_gmt":"2024-11-19T17:28:00","slug":"localizador-de-produtos","status":"publish","type":"page","link":"https:\/\/vitro.bio\/pt-pt\/localizador-de-produtos\/","title":{"rendered":"Localizador de produtos"},"content":{"rendered":"<p><section data-bb-version=\"4.7.6\" id=\"bt_bb_section69e5af581f82f\" class=\"bt_bb_section bt_bb_color_scheme_6 bt_bb_layout_boxed_1200 bt_bb_vertical_align_top bt_bb_bottom_section_coverage_image bt_bb_section_with_bottom_coverage_image bt_bb_top_spacing_medium bt_bb_bottom_spacing_large\" style=\"; --section-primary-color:#ffffff; --section-secondary-color:#009ee0;\" data-bt-override-class=\"{&quot;bt_bb_top_spacing_&quot;:{&quot;current_class&quot;:&quot;bt_bb_top_spacing_medium&quot;,&quot;def&quot;:&quot;medium&quot;},&quot;bt_bb_bottom_spacing_&quot;:{&quot;current_class&quot;:&quot;bt_bb_bottom_spacing_large&quot;,&quot;def&quot;:&quot;large&quot;}}\"><div class=\"bt_bb_background_image_holder_wrapper\"><div class=\"bt_bb_background_image_holder bt_bb_parallax\"  data-parallax=\"0.7\" data-parallax-offset=\"0\" data-parallax-zoom-start=\"1\" data-parallax-zoom-end=\"1\" data-parallax-blur-start=\"0\" data-parallax-blur-end=\"0\" data-parallax-opacity-start=\"1\" data-parallax-opacity-end=\"1\" style=\" background-image:url(&#039;https:\/\/vitro.bio\/wp-content\/uploads\/2023\/12\/doctor-working-on-computer.jpg&#039;);\"><\/div><\/div><div class=\"bt_bb_port\"><div class=\"bt_bb_cell\"><div class=\"bt_bb_cell_inner\"><div class=\"bt_bb_row \"  data-bt-override-class=\"{}\"><div class=\"bt_bb_row_holder\" ><div  class=\"bt_bb_column col-xxl-8 col-xl-8 bt_bb_vertical_align_middle bt_bb_align_left bt_bb_padding_normal bt_bb_animation_fade_in animate\" style=\"; --column-width:8;\" data-width=\"8\" data-bt-override-class=\"{}\"><div class=\"bt_bb_column_content\"><div class=\"bt_bb_column_content_inner\"><header data-bb-version=\"5.1.6\" class=\"bt_bb_headline bt_bb_font_weight_medium bt_bb_dash_none bt_bb_superheadline bt_bb_subheadline bt_bb_size_normal bt_bb_align_inherit\" data-bt-override-class=\"{&quot;bt_bb_size_&quot;:{&quot;current_class&quot;:&quot;bt_bb_size_normal&quot;,&quot;def&quot;:&quot;normal&quot;},&quot;bt_bb_align_&quot;:{&quot;current_class&quot;:&quot;bt_bb_align_inherit&quot;,&quot;def&quot;:&quot;inherit&quot;}}\"><h1 class=\"bt_bb_headline_tag\"><span class=\"bt_bb_headline_superheadline\">DIAGN\u00d3STICO DE EXCEL\u00caNCIA PARA TODOS<\/span><span class=\"bt_bb_headline_content\"><span>Localizador de produtos<\/span><\/span><\/h1><div class=\"bt_bb_headline_subheadline\">Solu\u00e7\u00f5es abrangentes para o diagn\u00f3stico do cancro e de outras doen\u00e7as infecciosas<\/div><\/header><div class=\"bt_bb_separator bt_bb_border_style_none bt_bb_bottom_spacing_medium\" data-bt-override-class=\"null\"><\/div><\/div><\/div><\/div><div  class=\"bt_bb_column col-xxl-4 col-xl-4 bt_bb_vertical_align_top bt_bb_align_left bt_bb_padding_normal\" style=\"; --column-width:4;\" data-width=\"4\" data-bt-override-class=\"{}\"><div class=\"bt_bb_column_content\"><div class=\"bt_bb_column_content_inner\"><\/div><\/div><\/div><\/div><\/div><\/div><!-- cell_inner --><\/div><!-- cell --><\/div><!-- port --><div class=\"bt_bb_section_bottom_section_coverage_image\"><img decoding=\"async\" src=\"https:\/\/vitro.bio\/wp-content\/uploads\/2020\/04\/bottom_cover_3.png\" alt=\"bt_bb_section_bottom_section_coverage_image\" \/><\/div><\/section><section data-bb-version=\"4.7.6\" id=\"bt_bb_section69e5af581fc64\" class=\"bt_bb_section bt_bb_layout_wide bt_bb_vertical_align_top bt_bb_top_spacing_none bt_bb_bottom_spacing_none\"  data-bt-override-class=\"{&quot;bt_bb_top_spacing_&quot;:{&quot;current_class&quot;:&quot;bt_bb_top_spacing_none&quot;,&quot;def&quot;:&quot;none&quot;},&quot;bt_bb_bottom_spacing_&quot;:{&quot;current_class&quot;:&quot;bt_bb_bottom_spacing_none&quot;,&quot;def&quot;:&quot;none&quot;}}\"><div class=\"bt_bb_port\"><div class=\"bt_bb_cell\"><div class=\"bt_bb_cell_inner\"><div class=\"bt_bb_row \"  data-bt-override-class=\"{}\"><div class=\"bt_bb_row_holder\" ><div data-bb-version=\"4.7.6\"  class=\"bt_bb_column col-xxl-12 col-xl-12 col-xs-12 col-sm-12 col-md-12 col-lg-12 bt_bb_vertical_align_top bt_bb_align_left bt_bb_padding_normal\" style=\"; --column-width:12;\" data-width=\"12\" data-bt-override-class=\"{}\"><div class=\"bt_bb_column_content\"><div class=\"bt_bb_column_content_inner\"><div class=\"bt_bb_raw_content\"><style>\n    iframe{      \n        display: block;    \n       height: 100vh;   \/* Set height to 100% of the viewport height *\/   \n        width: 100vw;  \/* Set width to 100% of the viewport width *\/     \n        border: none; \/* Remove default border *\/\n            }\n<\/style>\n\n<!--<iframe src=\"http:\/\/prenew.vitro.bio\/Investigacion\/Item\/ListItemsiframe\" ><\/iframe>-->\n<!--<iframe src=\"http:\/\/prenew.vitro.bio\/Nac\/Catalogo\/ListProductsIframe\" ><\/iframe>-->\n<iframe src=\"https:\/\/search.vitro.bio\/Catalogo\/ListProductsIframe\" ><\/iframe>\n\n<\/div><div data-bb-version=\"4.7.6\" class=\"bt_bb_separator bt_bb_border_style_none bt_bb_border_color_none bt_bb_top_spacing_none bt_bb_bottom_spacing_extra_large\" data-bt-override-class=\"{&quot;bt_bb_top_spacing_&quot;:{&quot;current_class&quot;:&quot;bt_bb_top_spacing_none&quot;,&quot;def&quot;:&quot;none&quot;},&quot;bt_bb_bottom_spacing_&quot;:{&quot;current_class&quot;:&quot;bt_bb_bottom_spacing_extra_large&quot;,&quot;def&quot;:&quot;extra_large&quot;}}\"><\/div><\/div><\/div><\/div><\/div><\/div><\/div><!-- cell_inner --><\/div><!-- cell --><\/div><!-- port --><\/section><\/p>\n","protected":false},"excerpt":{"rendered":"","protected":false},"author":1,"featured_media":0,"parent":0,"menu_order":0,"comment_status":"closed","ping_status":"closed","template":"","meta":{"footnotes":""},"class_list":["post-13187","page","type-page","status-publish","hentry"],"yoast_head":"<!-- This site is optimized with the Yoast SEO plugin v27.3 - https:\/\/yoast.com\/product\/yoast-seo-wordpress\/ -->\n<title>Localizador de produtos - Vitro master diagn\u00f3stica<\/title>\n<meta name=\"robots\" content=\"index, follow, max-snippet:-1, max-image-preview:large, max-video-preview:-1\" \/>\n<link rel=\"canonical\" href=\"https:\/\/vitro.bio\/pt-pt\/localizador-de-produtos\/\" \/>\n<meta property=\"og:locale\" content=\"pt_PT\" \/>\n<meta property=\"og:type\" content=\"article\" \/>\n<meta property=\"og:title\" content=\"Localizador de produtos - Vitro master diagn\u00f3stica\" \/>\n<meta property=\"og:url\" content=\"https:\/\/vitro.bio\/pt-pt\/localizador-de-produtos\/\" \/>\n<meta property=\"og:site_name\" content=\"Vitro master diagn\u00f3stica\" \/>\n<meta property=\"article:modified_time\" content=\"2024-11-19T17:28:00+00:00\" \/>\n<meta name=\"twitter:card\" content=\"summary_large_image\" \/>\n<meta name=\"twitter:label1\" content=\"Tempo estimado de leitura\" \/>\n\t<meta name=\"twitter:data1\" content=\"3 minutos\" \/>\n<script type=\"application\/ld+json\" class=\"yoast-schema-graph\">{\"@context\":\"https:\\\/\\\/schema.org\",\"@graph\":[{\"@type\":\"WebPage\",\"@id\":\"https:\\\/\\\/vitro.bio\\\/pt-pt\\\/localizador-de-produtos\\\/\",\"url\":\"https:\\\/\\\/vitro.bio\\\/pt-pt\\\/localizador-de-produtos\\\/\",\"name\":\"Localizador de produtos - Vitro master diagn\u00f3stica\",\"isPartOf\":{\"@id\":\"https:\\\/\\\/vitro.bio\\\/#website\"},\"datePublished\":\"2024-04-01T12:27:44+00:00\",\"dateModified\":\"2024-11-19T17:28:00+00:00\",\"breadcrumb\":{\"@id\":\"https:\\\/\\\/vitro.bio\\\/pt-pt\\\/localizador-de-produtos\\\/#breadcrumb\"},\"inLanguage\":\"pt-PT\",\"potentialAction\":[{\"@type\":\"ReadAction\",\"target\":[\"https:\\\/\\\/vitro.bio\\\/pt-pt\\\/localizador-de-produtos\\\/\"]}]},{\"@type\":\"BreadcrumbList\",\"@id\":\"https:\\\/\\\/vitro.bio\\\/pt-pt\\\/localizador-de-produtos\\\/#breadcrumb\",\"itemListElement\":[{\"@type\":\"ListItem\",\"position\":1,\"name\":\"Home\",\"item\":\"https:\\\/\\\/vitro.bio\\\/pt-pt\\\/\"},{\"@type\":\"ListItem\",\"position\":2,\"name\":\"Localizador de produtos\"}]},{\"@type\":\"WebSite\",\"@id\":\"https:\\\/\\\/vitro.bio\\\/#website\",\"url\":\"https:\\\/\\\/vitro.bio\\\/\",\"name\":\"Vitro master diagn\u00f3stica\",\"description\":\"\",\"publisher\":{\"@id\":\"https:\\\/\\\/vitro.bio\\\/#organization\"},\"potentialAction\":[{\"@type\":\"SearchAction\",\"target\":{\"@type\":\"EntryPoint\",\"urlTemplate\":\"https:\\\/\\\/vitro.bio\\\/?s={search_term_string}\"},\"query-input\":{\"@type\":\"PropertyValueSpecification\",\"valueRequired\":true,\"valueName\":\"search_term_string\"}}],\"inLanguage\":\"pt-PT\"},{\"@type\":\"Organization\",\"@id\":\"https:\\\/\\\/vitro.bio\\\/#organization\",\"name\":\"Vitro master diagn\u00f3stica\",\"url\":\"https:\\\/\\\/vitro.bio\\\/\",\"logo\":{\"@type\":\"ImageObject\",\"inLanguage\":\"pt-PT\",\"@id\":\"https:\\\/\\\/vitro.bio\\\/#\\\/schema\\\/logo\\\/image\\\/\",\"url\":\"https:\\\/\\\/vitro.bio\\\/wp-content\\\/uploads\\\/2024\\\/10\\\/LOGO-VITRO-MASTER-DIAGNOSTICA.png\",\"contentUrl\":\"https:\\\/\\\/vitro.bio\\\/wp-content\\\/uploads\\\/2024\\\/10\\\/LOGO-VITRO-MASTER-DIAGNOSTICA.png\",\"width\":1916,\"height\":597,\"caption\":\"Vitro master diagn\u00f3stica\"},\"image\":{\"@id\":\"https:\\\/\\\/vitro.bio\\\/#\\\/schema\\\/logo\\\/image\\\/\"}}]}<\/script>\n<!-- \/ Yoast SEO plugin. -->","yoast_head_json":{"title":"Localizador de produtos - Vitro master diagn\u00f3stica","robots":{"index":"index","follow":"follow","max-snippet":"max-snippet:-1","max-image-preview":"max-image-preview:large","max-video-preview":"max-video-preview:-1"},"canonical":"https:\/\/vitro.bio\/pt-pt\/localizador-de-produtos\/","og_locale":"pt_PT","og_type":"article","og_title":"Localizador de produtos - Vitro master diagn\u00f3stica","og_url":"https:\/\/vitro.bio\/pt-pt\/localizador-de-produtos\/","og_site_name":"Vitro master diagn\u00f3stica","article_modified_time":"2024-11-19T17:28:00+00:00","twitter_card":"summary_large_image","twitter_misc":{"Tempo estimado de leitura":"3 minutos"},"schema":{"@context":"https:\/\/schema.org","@graph":[{"@type":"WebPage","@id":"https:\/\/vitro.bio\/pt-pt\/localizador-de-produtos\/","url":"https:\/\/vitro.bio\/pt-pt\/localizador-de-produtos\/","name":"Localizador de produtos - Vitro master diagn\u00f3stica","isPartOf":{"@id":"https:\/\/vitro.bio\/#website"},"datePublished":"2024-04-01T12:27:44+00:00","dateModified":"2024-11-19T17:28:00+00:00","breadcrumb":{"@id":"https:\/\/vitro.bio\/pt-pt\/localizador-de-produtos\/#breadcrumb"},"inLanguage":"pt-PT","potentialAction":[{"@type":"ReadAction","target":["https:\/\/vitro.bio\/pt-pt\/localizador-de-produtos\/"]}]},{"@type":"BreadcrumbList","@id":"https:\/\/vitro.bio\/pt-pt\/localizador-de-produtos\/#breadcrumb","itemListElement":[{"@type":"ListItem","position":1,"name":"Home","item":"https:\/\/vitro.bio\/pt-pt\/"},{"@type":"ListItem","position":2,"name":"Localizador de produtos"}]},{"@type":"WebSite","@id":"https:\/\/vitro.bio\/#website","url":"https:\/\/vitro.bio\/","name":"Vitro master diagn\u00f3stica","description":"","publisher":{"@id":"https:\/\/vitro.bio\/#organization"},"potentialAction":[{"@type":"SearchAction","target":{"@type":"EntryPoint","urlTemplate":"https:\/\/vitro.bio\/?s={search_term_string}"},"query-input":{"@type":"PropertyValueSpecification","valueRequired":true,"valueName":"search_term_string"}}],"inLanguage":"pt-PT"},{"@type":"Organization","@id":"https:\/\/vitro.bio\/#organization","name":"Vitro master diagn\u00f3stica","url":"https:\/\/vitro.bio\/","logo":{"@type":"ImageObject","inLanguage":"pt-PT","@id":"https:\/\/vitro.bio\/#\/schema\/logo\/image\/","url":"https:\/\/vitro.bio\/wp-content\/uploads\/2024\/10\/LOGO-VITRO-MASTER-DIAGNOSTICA.png","contentUrl":"https:\/\/vitro.bio\/wp-content\/uploads\/2024\/10\/LOGO-VITRO-MASTER-DIAGNOSTICA.png","width":1916,"height":597,"caption":"Vitro master diagn\u00f3stica"},"image":{"@id":"https:\/\/vitro.bio\/#\/schema\/logo\/image\/"}}]}},"_links":{"self":[{"href":"https:\/\/vitro.bio\/pt-pt\/wp-json\/wp\/v2\/pages\/13187","targetHints":{"allow":["GET"]}}],"collection":[{"href":"https:\/\/vitro.bio\/pt-pt\/wp-json\/wp\/v2\/pages"}],"about":[{"href":"https:\/\/vitro.bio\/pt-pt\/wp-json\/wp\/v2\/types\/page"}],"author":[{"embeddable":true,"href":"https:\/\/vitro.bio\/pt-pt\/wp-json\/wp\/v2\/users\/1"}],"replies":[{"embeddable":true,"href":"https:\/\/vitro.bio\/pt-pt\/wp-json\/wp\/v2\/comments?post=13187"}],"version-history":[{"count":0,"href":"https:\/\/vitro.bio\/pt-pt\/wp-json\/wp\/v2\/pages\/13187\/revisions"}],"wp:attachment":[{"href":"https:\/\/vitro.bio\/pt-pt\/wp-json\/wp\/v2\/media?parent=13187"}],"curies":[{"name":"wp","href":"https:\/\/api.w.org\/{rel}","templated":true}]}}