{"id":13191,"date":"2022-02-04T11:55:55","date_gmt":"2022-02-04T10:55:55","guid":{"rendered":"https:\/\/vitro.bio\/aviso-legal\/"},"modified":"2024-11-20T11:29:31","modified_gmt":"2024-11-20T10:29:31","slug":"aviso-legal","status":"publish","type":"page","link":"https:\/\/vitro.bio\/pt-pt\/aviso-legal\/","title":{"rendered":"Aviso legal"},"content":{"rendered":"<section id=\"bt_bb_section69e5aa4d742f5\" class=\"bt_bb_section bt_bb_layout_boxed_1200 bt_bb_vertical_align_top bt_bb_top_spacing_normal bt_bb_bottom_spacing_normal\"  data-bt-override-class=\"{&quot;bt_bb_top_spacing_&quot;:{&quot;current_class&quot;:&quot;bt_bb_top_spacing_normal&quot;,&quot;def&quot;:&quot;normal&quot;,&quot;xl&quot;:&quot;normal&quot;},&quot;bt_bb_bottom_spacing_&quot;:{&quot;current_class&quot;:&quot;bt_bb_bottom_spacing_normal&quot;,&quot;def&quot;:&quot;normal&quot;,&quot;xl&quot;:&quot;normal&quot;}}\"><div class=\"bt_bb_port\"><div class=\"bt_bb_cell\"><div class=\"bt_bb_cell_inner\"><div class=\"bt_bb_row \"  data-bt-override-class=\"{}\"><div class=\"bt_bb_row_holder\" ><div  class=\"bt_bb_column col-xxl-12 col-xl-12 bt_bb_vertical_align_top bt_bb_align_left bt_bb_padding_normal bt_bb_animation_fade_in animate\" style=\"; --column-width:12;\" data-width=\"12\" data-bt-override-class=\"{}\"><div class=\"bt_bb_column_content\"><div class=\"bt_bb_column_content_inner\"><div  class=\"bt_bb_text\" ><\/p>\n<h4><strong>INFORMA\u00c7\u00c3O GERAL DA EMPRESA<\/strong><\/h4>\n<p>Vitro S.A., com NIF A-41361544 e sede social em Sevilha, calle Luis Fuentes Bejarano 60, Edif. Nudo Norte (local 3).<\/p>\n<p>Tel. 954933200 Fax 954922892,<\/p>\n<p>Email: admvm@vitro.bio<\/p>\n<p>Dados de inscri\u00e7\u00e3o no Registo Comercial de Sevilha: Volume 1101, f\u00f3lio 84, p\u00e1gina SE-16077.<\/p>\n<h4><strong>UTILIZADORES<\/strong><\/h4>\n<p>O acesso e\/ou a utiliza\u00e7\u00e3o deste website atribui a condi\u00e7\u00e3o de utilizador e aceita, a partir do referido acesso e\/ou utiliza\u00e7\u00e3o, as condi\u00e7\u00f5es gerais de utiliza\u00e7\u00e3o descritas no presente aviso legal.<\/p>\n<h4><strong>DIREITOS DE PROPRIEDADE INDUSTRIAL E INTELECTUAL<\/strong><\/h4>\n<p>Tanto este website como os conte\u00fados e sinais distintivos que aparecem no mesmo, salvo indica\u00e7\u00e3o expressa em contr\u00e1rio, s\u00e3o propriedade exclusiva da Vitro S.A. e est\u00e3o protegidos por direitos de propriedade industrial e intelectual de acordo com a legisla\u00e7\u00e3o espanhola e internacional. Por conseguinte, todos os seus conte\u00fados n\u00e3o podem ser manipulados de forma alguma (modifica\u00e7\u00e3o, c\u00f3pia, altera\u00e7\u00e3o, reprodu\u00e7\u00e3o, transmiss\u00e3o, adapta\u00e7\u00e3o, tradu\u00e7\u00e3o, etc.) pelo Utilizador ou por terceiros, total ou parcialmente, sem a autoriza\u00e7\u00e3o expressa da Vitro S.A., salvo indica\u00e7\u00e3o em contr\u00e1rio.<\/p>\n<h4><strong>PROTE\u00c7\u00c3O DE DADOS PESSOAIS<\/strong><\/h4>\n<h5><strong>Dados pessoais<\/strong><\/h5>\n<p>Os dados pessoais s\u00e3o os fornecidos pelo utilizador quando se regista ou subscreve, bem como os gerados durante a navega\u00e7\u00e3o e pela utiliza\u00e7\u00e3o dos produtos\/servi\u00e7os\/conte\u00fados\/assinaturas do nosso website. O utilizador deve fornecer informa\u00e7\u00f5es verdadeiras sobre os seus dados pessoais e mant\u00ea-los atualizados (para comunicar quaisquer altera\u00e7\u00f5es, contacte protecciondatos@vitro.bio. Os utilizadores que forne\u00e7am dados falsos podem ser exclu\u00eddos dos servi\u00e7os.<\/p>\n<h5><strong>Quem \u00e9 respons\u00e1vel pelo tratamento dos seus dados?<\/strong><\/h5>\n<ul>\n<li>Vitro S.A. NIF A-41361544<\/li>\n<li>Calle Luis Fuentes Bejarano 60, Edif. Nudo Norte (local 3) \u2013 41020 Sevilha<\/li>\n<li>Tel. 954933200<\/li>\n<li>Fax 954922892,<\/li>\n<li>Email: protecciondatos@vitro.bio<\/li>\n<\/ul>\n<h5><strong>Para que fins tratamos os seus dados pessoais?<\/strong><\/h5>\n<p>As finalidades para as quais a VITRO S.A. tratar\u00e1 os seus Dados Pessoais s\u00e3o as abaixo indicadas:<\/p>\n<ul>\n<li>Comercializar os nossos produtos e prestar os nossos servi\u00e7os.<\/li>\n<li>Gerir os pedidos de informa\u00e7\u00e3o recebidos de clientes e\/ou potenciais clientes.<\/li>\n<li>Contactar os utilizadores para responder a pedidos recebidos atrav\u00e9s do formul\u00e1rio de contacto no website.<\/li>\n<li>Contactar clientes para fins de publicidade e marketing.<\/li>\n<li>Gerir os dados pessoais dos candidatos a uma oferta de emprego.<\/li>\n<li>Garantir a seguran\u00e7a de pessoas, bens e instala\u00e7\u00f5es atrav\u00e9s da utiliza\u00e7\u00e3o de c\u00e2maras de videovigil\u00e2ncia nos seus diferentes locais.<\/li>\n<\/ul>\n<h5><strong>Qual \u00e9 a legitimidade do tratamento dos seus dados?<\/strong><\/h5>\n<p>A base jur\u00eddica que legitima o tratamento para cada uma das finalidades referidas no par\u00e1grafo anterior \u00e9:<\/p>\n<ul>\n<li>O tratamento de dados para a comercializa\u00e7\u00e3o dos nossos produtos e a presta\u00e7\u00e3o dos nossos servi\u00e7os justifica-se com base na execu\u00e7\u00e3o de um contrato de fornecimento e\/ou presta\u00e7\u00e3o de servi\u00e7os ou na encomenda de um dos nossos produtos ou servi\u00e7os.<\/li>\n<li>O tratamento dos dados para gerir as suas consultas recebidas atrav\u00e9s do formul\u00e1rio de contacto do website \u00e9 legitimado pela obten\u00e7\u00e3o do consentimento pr\u00e9vio do interessado.<\/li>\n<li>O tratamento de dados para contactar clientes para fins de publicidade e marketing \u00e9 legitimado pelo consentimento expresso da pessoa em causa.<\/li>\n<li>O tratamento de dados para a gest\u00e3o dos dados pessoais dos candidatos a uma oferta de emprego \u00e9 legitimado pelo consentimento expresso da pessoa em causa.<\/li>\n<li>O tratamento dos dados obtidos a partir da videovigil\u00e2ncia \u00e9 necess\u00e1rio para a satisfa\u00e7\u00e3o de interesses leg\u00edtimos prosseguidos pela VITRO SA enquanto respons\u00e1vel pelo tratamento de dados e com base nas disposi\u00e7\u00f5es do artigo 9.\u00ba, n.\u00ba 2, do Regulamento Geral sobre a Prote\u00e7\u00e3o de Dados (doravante RGPD), na al\u00ednea b).<\/li>\n<\/ul>\n<h5><strong>A que destinat\u00e1rios ser\u00e3o comunicados os seus dados?<\/strong><\/h5>\n<p>A Vitro S.A. n\u00e3o ceder\u00e1 dados a terceiros, exceto se for legalmente obrigada a faz\u00ea-lo.<\/p>\n<h5><strong>Quais s\u00e3o os seus direitos quando nos fornece os seus dados?<\/strong><\/h5>\n<p>Qualquer pessoa tem o direito de obter confirma\u00e7\u00e3o sobre se a Vitro S.A. est\u00e1 a tratar os seus dados pessoais.<\/p>\n<p>No caso de tratarmos os seus dados pessoais, o titular dos dados tem o direito de solicitar e receber:<\/p>\n<ul>\n<li>Acesso aos seus dados<\/li>\n<li>Retifica\u00e7\u00e3o de dados inexatos ou apagamento quando, entre outros motivos, os dados j\u00e1 n\u00e3o forem necess\u00e1rios para os fins para que foram recolhidos<\/li>\n<li>Em determinadas circunst\u00e2ncias, limita\u00e7\u00e3o do tratamento dos seus dados, caso em que apenas os conservaremos para o exerc\u00edcio ou a defesa de reclama\u00e7\u00f5es.<\/li>\n<li>Em determinadas circunst\u00e2ncias e por motivos relacionados com a sua situa\u00e7\u00e3o particular, opor-se ao tratamento dos seus dados. A Vitro S.A. deixar\u00e1 de tratar os dados, exceto por raz\u00f5es leg\u00edtimas e imperiosas, ou para o exerc\u00edcio ou defesa de eventuais reclama\u00e7\u00f5es. Para exercer todos os seus direitos, dever\u00e1 notificar a Vitro S.A., Calle Luis Fuentes Bejarano 60, Edif. Nudo Norte (local 3) 41020 Sevilha, por escrito ou por email para protecciondatos@vitro.bio, indicando claramente a finalidade da comunica\u00e7\u00e3o. A Vitro S.A. reserva-se o direito de adotar medidas adequadas e razo\u00e1veis para verificar a identidade da pessoa que solicita o exerc\u00edcio de qualquer direito.<\/li>\n<\/ul>\n<h4><strong>Sigilo e seguran\u00e7a dos dados<\/strong><\/h4>\n<p>A Vitro S.A. compromete-se a utilizar e a tratar os dados pessoais respeitando a sua confidencialidade e a utiliz\u00e1-los de acordo com a sua finalidade, bem como a cumprir a sua obriga\u00e7\u00e3o de os conservar e a adaptar todas as medidas para evitar a sua altera\u00e7\u00e3o, perda, tratamento ou acesso n\u00e3o autorizado, em conformidade com as disposi\u00e7\u00f5es da regulamenta\u00e7\u00e3o em vigor em mat\u00e9ria de prote\u00e7\u00e3o de dados.<\/p>\n<p>A Vitro S.A. n\u00e3o pode garantir a inexpugnabilidade absoluta da rede Internet e, por conseguinte, a viola\u00e7\u00e3o dos dados atrav\u00e9s do acesso fraudulento de terceiros.<\/p>\n<h5><strong>Exatid\u00e3o e veracidade dos dados<\/strong><\/h5>\n<p>Como utilizador, \u00e9 o \u00fanico respons\u00e1vel pela veracidade e exatid\u00e3o dos dados que submete \u00e0 Vitro S.A., exonerando a Vitro S.A. de qualquer responsabilidade a este respeito. Os utilizadores garantem e s\u00e3o respons\u00e1veis, em qualquer caso, pela exatid\u00e3o, validade e autenticidade dos dados pessoais fornecidos e comprometem-se a mant\u00ea-los devidamente atualizados. O utilizador compromete-se a fornecer informa\u00e7\u00f5es completas e corretas no formul\u00e1rio de contacto ou de subscri\u00e7\u00e3o.<\/p>\n<h4><strong>LIGA\u00c7\u00d5ES (Links)<\/strong><\/h4>\n<p>Este website oferece uma sele\u00e7\u00e3o de liga\u00e7\u00f5es, direta ou indiretamente, a recursos ou outros websites de terceiros, cujo conte\u00fado pode variar muito rapidamente devido \u00e0s caracter\u00edsticas da Internet. A presen\u00e7a destas liga\u00e7\u00f5es no website tem um car\u00e1cter meramente informativo e n\u00e3o constitui, em caso algum, um convite \u00e0 compra de produtos ou servi\u00e7os oferecidos no website de destino. A Vitro S.A. n\u00e3o \u00e9 de forma alguma respons\u00e1vel pelas informa\u00e7\u00f5es, servi\u00e7os e conte\u00fados em geral desses websites de terceiros.<\/p>\n<h4><strong>UTILIZA\u00c7\u00c3O DE COOKIES<\/strong><\/h4>\n<p>Os cookies s\u00e3o pequenos ficheiros de dados que o servidor da Internet envia para o dispositivo com o qual se liga aos nossos websites e que armazena. Est\u00e3o apenas associados ao seu browser e n\u00e3o fornecem dados pessoais. Os cookies n\u00e3o podem danificar o seu dispositivo e s\u00e3o tamb\u00e9m muito \u00fateis, uma vez que nos ajudam a identificar e a resolver erros, bem como a:<\/p>\n<ul>\n<li>Assegurar que o website pode funcionar corretamente.<\/li>\n<li>Guardar as prefer\u00eancias para o idioma selecionado.<\/li>\n<\/ul>\n<p>Pode definir regras no seu browser para gerir os cookies por website, o que lhe permite um controlo mais preciso da sua privacidade. Ao navegar neste website, consideramos que o utilizador aceita a sua utiliza\u00e7\u00e3o.<\/p>\n<h4><strong>CONDI\u00c7\u00d5ES DE UTILIZA\u00c7\u00c3O. ISEN\u00c7\u00c3O DE RESPONSABILIDADE<\/strong><\/h4>\n<p>Os utilizadores acedem ao website por sua pr\u00f3pria conta e risco.<\/p>\n<p>O conte\u00fado do website tem como \u00fanico objetivo a divulga\u00e7\u00e3o de informa\u00e7\u00f5es sobre os produtos e servi\u00e7os oferecidos e\/ou desenvolvidos pela Vitro S.A. O utilizador compromete-se a utilizar o website em conformidade com a lei, o presente aviso legal, as condi\u00e7\u00f5es espec\u00edficas dos servi\u00e7os (no caso de estarem estabelecidas) e outros avisos, regulamentos de utiliza\u00e7\u00e3o ou instru\u00e7\u00f5es que lhe sejam comunicados, bem como com a moral, os bons costumes geralmente aceites e a ordem p\u00fablica.<\/p>\n<p>A Vitro S.A. n\u00e3o garante, nem se responsabiliza por que o acesso a este website seja ininterrupto ou isento de erros, sendo suscet\u00edvel de falhas no seu normal funcionamento, ou a aus\u00eancia de v\u00edrus ou outros elementos que possam causar danos nos sistemas inform\u00e1ticos, documentos eletr\u00f3nicos ou ficheiros de utilizadores deste website ou de websites de terceiros, pelo que a Vitro S.A. n\u00e3o se responsabiliza por quaisquer danos ou altera\u00e7\u00f5es que, por estes motivos, possam eventualmente ser causados em ferramentas inform\u00e1ticas de terceiros.<\/p>\n<p>A Vitro S.A. n\u00e3o assume qualquer responsabilidade por qualquer utiliza\u00e7\u00e3o incorreta que os visitantes do website possam fazer do seu conte\u00fado. A Vitro S.A. n\u00e3o se responsabiliza pelo conte\u00fado dos websites para os quais estabelece liga\u00e7\u00f5es fora do seu website. Tamb\u00e9m n\u00e3o ser\u00e1 respons\u00e1vel por quaisquer danos ou perdas que possam resultar da liga\u00e7\u00e3o ou utiliza\u00e7\u00e3o de quaisquer conte\u00fados, produtos ou servi\u00e7os dispon\u00edveis nos websites para os quais remetem as liga\u00e7\u00f5es. A Vitro S.A. n\u00e3o pode garantir a disponibilidade e o funcionamento correto das liga\u00e7\u00f5es a outros websites a partir do website da Vitro S.A.<\/p>\n<h4><strong>ACEITA\u00c7\u00c3O DAS CONDI\u00c7\u00d5ES DE UTILIZA\u00c7\u00c3O<\/strong><\/h4>\n<p>O acesso como visitante aos conte\u00fados deste website implica a aceita\u00e7\u00e3o dos termos e condi\u00e7\u00f5es da sua utiliza\u00e7\u00e3o e visita nos moldes acima expressos.<\/p>\n<h4><strong>LEGISLA\u00c7\u00c3O E JURISDI\u00c7\u00c3O APLIC\u00c1VEIS<\/strong><\/h4>\n<p>As presentes Condi\u00e7\u00f5es de Acesso est\u00e3o sujeitas \u00e0 legisla\u00e7\u00e3o espanhola. Para a resolu\u00e7\u00e3o de qualquer conflito que possa surgir do acesso ao website, o utilizador e a Vitro S.A. aceitam expressamente submeter-se aos tribunais da cidade de Sevilha, renunciando a qualquer outro foro geral ou especial que lhes possa corresponder.<\/p>\n<p>\n<\/div><\/div><\/div><\/div><\/div><\/div><\/div><!-- cell_inner --><\/div><!-- cell --><\/div><!-- port --><\/section>\n","protected":false},"excerpt":{"rendered":"","protected":false},"author":1,"featured_media":0,"parent":0,"menu_order":0,"comment_status":"closed","ping_status":"closed","template":"","meta":{"footnotes":""},"class_list":["post-13191","page","type-page","status-publish","hentry"],"yoast_head":"<!-- This site is optimized with the Yoast SEO plugin v27.3 - https:\/\/yoast.com\/product\/yoast-seo-wordpress\/ -->\n<title>Aviso legal - Vitro master diagn\u00f3stica<\/title>\n<meta name=\"robots\" content=\"index, follow, max-snippet:-1, max-image-preview:large, max-video-preview:-1\" \/>\n<link rel=\"canonical\" href=\"https:\/\/vitro.bio\/pt-pt\/aviso-legal\/\" \/>\n<meta property=\"og:locale\" content=\"pt_PT\" \/>\n<meta property=\"og:type\" content=\"article\" \/>\n<meta property=\"og:title\" content=\"Aviso legal - Vitro master diagn\u00f3stica\" \/>\n<meta property=\"og:url\" content=\"https:\/\/vitro.bio\/pt-pt\/aviso-legal\/\" \/>\n<meta property=\"og:site_name\" content=\"Vitro master diagn\u00f3stica\" \/>\n<meta property=\"article:modified_time\" content=\"2024-11-20T10:29:31+00:00\" \/>\n<meta name=\"twitter:card\" content=\"summary_large_image\" \/>\n<meta name=\"twitter:label1\" content=\"Tempo estimado de leitura\" \/>\n\t<meta name=\"twitter:data1\" content=\"9 minutos\" \/>\n<script type=\"application\/ld+json\" class=\"yoast-schema-graph\">{\"@context\":\"https:\\\/\\\/schema.org\",\"@graph\":[{\"@type\":\"WebPage\",\"@id\":\"https:\\\/\\\/vitro.bio\\\/pt-pt\\\/aviso-legal\\\/\",\"url\":\"https:\\\/\\\/vitro.bio\\\/pt-pt\\\/aviso-legal\\\/\",\"name\":\"Aviso legal - Vitro master diagn\u00f3stica\",\"isPartOf\":{\"@id\":\"https:\\\/\\\/vitro.bio\\\/#website\"},\"datePublished\":\"2022-02-04T10:55:55+00:00\",\"dateModified\":\"2024-11-20T10:29:31+00:00\",\"breadcrumb\":{\"@id\":\"https:\\\/\\\/vitro.bio\\\/pt-pt\\\/aviso-legal\\\/#breadcrumb\"},\"inLanguage\":\"pt-PT\",\"potentialAction\":[{\"@type\":\"ReadAction\",\"target\":[\"https:\\\/\\\/vitro.bio\\\/pt-pt\\\/aviso-legal\\\/\"]}]},{\"@type\":\"BreadcrumbList\",\"@id\":\"https:\\\/\\\/vitro.bio\\\/pt-pt\\\/aviso-legal\\\/#breadcrumb\",\"itemListElement\":[{\"@type\":\"ListItem\",\"position\":1,\"name\":\"Home\",\"item\":\"https:\\\/\\\/vitro.bio\\\/pt-pt\\\/\"},{\"@type\":\"ListItem\",\"position\":2,\"name\":\"Aviso legal\"}]},{\"@type\":\"WebSite\",\"@id\":\"https:\\\/\\\/vitro.bio\\\/#website\",\"url\":\"https:\\\/\\\/vitro.bio\\\/\",\"name\":\"Vitro master diagn\u00f3stica\",\"description\":\"\",\"publisher\":{\"@id\":\"https:\\\/\\\/vitro.bio\\\/#organization\"},\"potentialAction\":[{\"@type\":\"SearchAction\",\"target\":{\"@type\":\"EntryPoint\",\"urlTemplate\":\"https:\\\/\\\/vitro.bio\\\/?s={search_term_string}\"},\"query-input\":{\"@type\":\"PropertyValueSpecification\",\"valueRequired\":true,\"valueName\":\"search_term_string\"}}],\"inLanguage\":\"pt-PT\"},{\"@type\":\"Organization\",\"@id\":\"https:\\\/\\\/vitro.bio\\\/#organization\",\"name\":\"Vitro master diagn\u00f3stica\",\"url\":\"https:\\\/\\\/vitro.bio\\\/\",\"logo\":{\"@type\":\"ImageObject\",\"inLanguage\":\"pt-PT\",\"@id\":\"https:\\\/\\\/vitro.bio\\\/#\\\/schema\\\/logo\\\/image\\\/\",\"url\":\"https:\\\/\\\/vitro.bio\\\/wp-content\\\/uploads\\\/2024\\\/10\\\/LOGO-VITRO-MASTER-DIAGNOSTICA.png\",\"contentUrl\":\"https:\\\/\\\/vitro.bio\\\/wp-content\\\/uploads\\\/2024\\\/10\\\/LOGO-VITRO-MASTER-DIAGNOSTICA.png\",\"width\":1916,\"height\":597,\"caption\":\"Vitro master diagn\u00f3stica\"},\"image\":{\"@id\":\"https:\\\/\\\/vitro.bio\\\/#\\\/schema\\\/logo\\\/image\\\/\"}}]}<\/script>\n<!-- \/ Yoast SEO plugin. -->","yoast_head_json":{"title":"Aviso legal - Vitro master diagn\u00f3stica","robots":{"index":"index","follow":"follow","max-snippet":"max-snippet:-1","max-image-preview":"max-image-preview:large","max-video-preview":"max-video-preview:-1"},"canonical":"https:\/\/vitro.bio\/pt-pt\/aviso-legal\/","og_locale":"pt_PT","og_type":"article","og_title":"Aviso legal - Vitro master diagn\u00f3stica","og_url":"https:\/\/vitro.bio\/pt-pt\/aviso-legal\/","og_site_name":"Vitro master diagn\u00f3stica","article_modified_time":"2024-11-20T10:29:31+00:00","twitter_card":"summary_large_image","twitter_misc":{"Tempo estimado de leitura":"9 minutos"},"schema":{"@context":"https:\/\/schema.org","@graph":[{"@type":"WebPage","@id":"https:\/\/vitro.bio\/pt-pt\/aviso-legal\/","url":"https:\/\/vitro.bio\/pt-pt\/aviso-legal\/","name":"Aviso legal - Vitro master diagn\u00f3stica","isPartOf":{"@id":"https:\/\/vitro.bio\/#website"},"datePublished":"2022-02-04T10:55:55+00:00","dateModified":"2024-11-20T10:29:31+00:00","breadcrumb":{"@id":"https:\/\/vitro.bio\/pt-pt\/aviso-legal\/#breadcrumb"},"inLanguage":"pt-PT","potentialAction":[{"@type":"ReadAction","target":["https:\/\/vitro.bio\/pt-pt\/aviso-legal\/"]}]},{"@type":"BreadcrumbList","@id":"https:\/\/vitro.bio\/pt-pt\/aviso-legal\/#breadcrumb","itemListElement":[{"@type":"ListItem","position":1,"name":"Home","item":"https:\/\/vitro.bio\/pt-pt\/"},{"@type":"ListItem","position":2,"name":"Aviso legal"}]},{"@type":"WebSite","@id":"https:\/\/vitro.bio\/#website","url":"https:\/\/vitro.bio\/","name":"Vitro master diagn\u00f3stica","description":"","publisher":{"@id":"https:\/\/vitro.bio\/#organization"},"potentialAction":[{"@type":"SearchAction","target":{"@type":"EntryPoint","urlTemplate":"https:\/\/vitro.bio\/?s={search_term_string}"},"query-input":{"@type":"PropertyValueSpecification","valueRequired":true,"valueName":"search_term_string"}}],"inLanguage":"pt-PT"},{"@type":"Organization","@id":"https:\/\/vitro.bio\/#organization","name":"Vitro master diagn\u00f3stica","url":"https:\/\/vitro.bio\/","logo":{"@type":"ImageObject","inLanguage":"pt-PT","@id":"https:\/\/vitro.bio\/#\/schema\/logo\/image\/","url":"https:\/\/vitro.bio\/wp-content\/uploads\/2024\/10\/LOGO-VITRO-MASTER-DIAGNOSTICA.png","contentUrl":"https:\/\/vitro.bio\/wp-content\/uploads\/2024\/10\/LOGO-VITRO-MASTER-DIAGNOSTICA.png","width":1916,"height":597,"caption":"Vitro master diagn\u00f3stica"},"image":{"@id":"https:\/\/vitro.bio\/#\/schema\/logo\/image\/"}}]}},"_links":{"self":[{"href":"https:\/\/vitro.bio\/pt-pt\/wp-json\/wp\/v2\/pages\/13191","targetHints":{"allow":["GET"]}}],"collection":[{"href":"https:\/\/vitro.bio\/pt-pt\/wp-json\/wp\/v2\/pages"}],"about":[{"href":"https:\/\/vitro.bio\/pt-pt\/wp-json\/wp\/v2\/types\/page"}],"author":[{"embeddable":true,"href":"https:\/\/vitro.bio\/pt-pt\/wp-json\/wp\/v2\/users\/1"}],"replies":[{"embeddable":true,"href":"https:\/\/vitro.bio\/pt-pt\/wp-json\/wp\/v2\/comments?post=13191"}],"version-history":[{"count":0,"href":"https:\/\/vitro.bio\/pt-pt\/wp-json\/wp\/v2\/pages\/13191\/revisions"}],"wp:attachment":[{"href":"https:\/\/vitro.bio\/pt-pt\/wp-json\/wp\/v2\/media?parent=13191"}],"curies":[{"name":"wp","href":"https:\/\/api.w.org\/{rel}","templated":true}]}}