{"id":13194,"date":"2022-02-04T09:35:18","date_gmt":"2022-02-04T08:35:18","guid":{"rendered":"https:\/\/vitro.bio\/politica-de-cookies\/"},"modified":"2024-11-20T11:43:42","modified_gmt":"2024-11-20T10:43:42","slug":"politica-de-cookies","status":"publish","type":"page","link":"https:\/\/vitro.bio\/pt-pt\/politica-de-cookies\/","title":{"rendered":"Pol\u00edtica de cookies"},"content":{"rendered":"<section id=\"bt_bb_section69e5c043c89af\" class=\"bt_bb_section bt_bb_layout_boxed_1200 bt_bb_vertical_align_top bt_bb_top_spacing_normal bt_bb_bottom_spacing_normal\"  data-bt-override-class=\"{&quot;bt_bb_top_spacing_&quot;:{&quot;current_class&quot;:&quot;bt_bb_top_spacing_normal&quot;,&quot;def&quot;:&quot;normal&quot;,&quot;xl&quot;:&quot;normal&quot;},&quot;bt_bb_bottom_spacing_&quot;:{&quot;current_class&quot;:&quot;bt_bb_bottom_spacing_normal&quot;,&quot;def&quot;:&quot;normal&quot;,&quot;xl&quot;:&quot;normal&quot;}}\"><div class=\"bt_bb_port\"><div class=\"bt_bb_cell\"><div class=\"bt_bb_cell_inner\"><div class=\"bt_bb_row \"  data-bt-override-class=\"{}\"><div class=\"bt_bb_row_holder\" ><div  class=\"bt_bb_column col-xxl-12 col-xl-12 bt_bb_vertical_align_top bt_bb_align_left bt_bb_padding_normal bt_bb_animation_fade_in animate\" style=\"; --column-width:12;\" data-width=\"12\" data-bt-override-class=\"{}\"><div class=\"bt_bb_column_content\"><div class=\"bt_bb_column_content_inner\"><div  class=\"bt_bb_text\" ><\/p>\n<p><strong>Este website utiliza cookies apenas para garantir que o website funciona corretamente e para armazenar as prefer\u00eancias de idioma que selecionou.<\/strong><\/p>\n<h2><strong>Informa\u00e7\u00f5es gerais sobre a empresa<\/strong><\/h2>\n<p>Vitro S.A., com o n\u00famero de contribuinte ES A-41361544 e sede social em Sevilha,<\/p>\n<p>Luis Fuentes Bejarano 60, Edif. Nudo Norte (local 3).<\/p>\n<p>Telefone 954933200<\/p>\n<p>Fax 954922892, vitro@vitro.bio<\/p>\n<h2><strong>Direitos de propriedade industrial e intelectual\u00a0<\/strong><\/h2>\n<p>Tanto este site como os conte\u00fados e sinais distintivos que nele constam, salvo indica\u00e7\u00e3o em contr\u00e1rio, s\u00e3o propriedade exclusiva da Vitro S.A. e est\u00e3o protegidos pelos direitos de propriedade industrial e intelectual de acordo com a legisla\u00e7\u00e3o espanhola e internacional. Assim sendo, todo o seu conte\u00fado n\u00e3o dever\u00e1 ser manipulado de forma alguma (modifica\u00e7\u00e3o, c\u00f3pia, altera\u00e7\u00e3o, reprodu\u00e7\u00e3o, transmiss\u00e3o, adapta\u00e7\u00e3o, tradu\u00e7\u00e3o, etc.) pelo Utilizador ou por terceiros, total ou parcialmente, sem a autoriza\u00e7\u00e3o expressa da Vitro S.A., salvo se indicado de outra forma.<\/p>\n<h2><strong>Protec\u00e7\u00e3o de dados pessoais<\/strong><\/h2>\n<h3><strong>Quem \u00e9 o Controlador do processamento dos seus dados?<\/strong><\/h3>\n<p>Vitro S.A.<\/p>\n<p>Rua Luis Fuentes Bejarano 60, Edif. Nudo Norte (local 3)<\/p>\n<p>41020 Sevilha<\/p>\n<p>Telefone 954933200<\/p>\n<p>Fax 954922892,<\/p>\n<p>E-mail: <a href=\"mailto:protecciondatos@vitro.bio\" target=\"_blank\" rel=\"noopener\">protecciondatos@vitro.bio<\/a> .<\/p>\n<h3><strong>Qual \u200b\u200ba finalidade do tratamento dos seus dados pessoais?<\/strong><\/h3>\n<p>A Vitro S.A trata os seus dados para as seguintes finalidades:<\/p>\n<ul>\n<li>Comercialize os nossos produtos e preste os nossos servi\u00e7os<\/li>\n<li>Gerir as consultas recebidas dos seus clientes e\/ou potenciais clientes<\/li>\n<li>Gerir a subscri\u00e7\u00e3o e o envio de informa\u00e7\u00f5es comerciais dos nossos produtos e servi\u00e7os que possam ser do seu interesse.<\/li>\n<\/ul>\n<h3><strong>Qual \u200b\u200b\u200b\u200b\u00e9 a licitude do tratamento dos seus dados?<\/strong><\/h3>\n<ul>\n<li>O tratamento de dados para a comercializa\u00e7\u00e3o dos nossos produtos e a presta\u00e7\u00e3o dos nossos servi\u00e7os \u00e9 leg\u00edtimo com base na celebra\u00e7\u00e3o de um contrato de fornecimento e\/ou contrato de presta\u00e7\u00e3o de servi\u00e7os, ou na realiza\u00e7\u00e3o de uma encomenda de qualquer dos nossos produtos ou servi\u00e7os.<\/li>\n<li>O tratamento de dados para gerir as suas consultas, bem como a subscri\u00e7\u00e3o e envio de informa\u00e7\u00e3o comercial sobre os nossos produtos e servi\u00e7os \u00e9 legitimado pela obten\u00e7\u00e3o do consentimento pr\u00e9vio do interessado.<\/li>\n<\/ul>\n<h3><strong>Para quem ser\u00e3o enviados os seus dados?<\/strong><\/h3>\n<p>A Vitro S.A n\u00e3o ceder\u00e1 dados a terceiros, salvo se a tal for legalmente obrigada.<\/p>\n<h3><strong>Quais s\u00e3o os seus direitos ao fornecer os seus dados?<\/strong><\/h3>\n<p>Qualquer pessoa tem o direito de obter informa\u00e7\u00e3o sobre se a Vitro S.A est\u00e1 a tratar os seus dados pessoais.<\/p>\n<p>Caso tratemos os seus dados pessoais, o interessado tem o direito de solicitar e receber:<\/p>\n<p>Acesso aos seus dados:<\/p>\n<ul>\n<li>Modificar os seus dados se estiverem errados ou elimin\u00e1-los se, entre outros motivos, os dados j\u00e1 n\u00e3o forem necess\u00e1rios para os fins para os quais foram recolhidos<\/li>\n<li>Em algumas circunst\u00e2ncias, ser\u00e1 necess\u00e1ria a limita\u00e7\u00e3o do tratamento dos seus dados. Nestes casos, iremos mant\u00ea-los apenas para gerir ou defender reclama\u00e7\u00f5es<\/li>\n<li>Em algumas circunst\u00e2ncias e por motivos pessoais e particulares, recusa do tratamento dos seus dados. A Vitro S.A deixar\u00e1 de tratar os seus dados, salvo por motivos legais ou urgentes, ou para o exerc\u00edcio da defesa contra potenciais reclama\u00e7\u00f5es.<\/li>\n<\/ul>\n<p>Para exercer todos os seus direitos, dever\u00e1 notificar a Vitro S.A. por escrito para Calle Luis Fuentes Bejarano 60, Edif. Nudo Norte (local 3) 41020 Sevilla, ou atrav\u00e9s do email protecciondatos@vitro.bio indicando claramente o motivo do seu pedido. A Vitro S.A. reserva-se o direito de tomar as medidas adequadas e razo\u00e1veis \u200b\u200bpara verificar a identidade da pessoa que solicita o exerc\u00edcio de qualquer direito.<\/p>\n<h3><strong>Sigilo e seguran\u00e7a dos dados<\/strong><\/h3>\n<p>A Vitro S.A. compromete-se a utilizar e tratar os dados pessoais respeitando a sua confidencialidade e a utiliz\u00e1-los de acordo com a finalidade dos mesmos, bem como a cumprir a sua obriga\u00e7\u00e3o de os conservar e a tomar todas as medidas para evitar a sua altera\u00e7\u00e3o, perda, tratamento ou acesso n\u00e3o autorizado de acordo com as disposi\u00e7\u00f5es da legisla\u00e7\u00e3o em vigor em mat\u00e9ria de protec\u00e7\u00e3o de dados.<\/p>\n<p>A Vitro S.A. n\u00e3o pode garantir a absoluta impregnabilidade da rede Internet e, por conseguinte, a viola\u00e7\u00e3o dos dados atrav\u00e9s do acesso fraudulento aos mesmos por terceiros.<\/p>\n<h4><strong>Precis\u00e3o e veracidade dos dados<\/strong><\/h4>\n<p>Como utilizador, \u00e9 o \u00fanico respons\u00e1vel pela veracidade e veracidade dos dados que envia \u00e0 Vitro S.A., exonerando a Vitro S.A. de qualquer responsabilidade a este respeito. Os utilizadores garantem e s\u00e3o respons\u00e1veis, em qualquer caso, pela exatid\u00e3o, validade e autenticidade dos dados pessoais fornecidos e comprometem-se a mant\u00ea-los devidamente atualizados. O utilizador concorda em fornecer informa\u00e7\u00f5es completas e corretas no formul\u00e1rio de contacto ou inscri\u00e7\u00e3o.<\/p>\n<h3><strong>Links<\/strong><\/h3>\n<p>Este site oferece uma sele\u00e7\u00e3o de links, direta ou indiretamente, para recursos ou outros sites de terceiros, cujo conte\u00fado pode variar muito rapidamente devido \u00e0s caracter\u00edsticas da Internet. A presen\u00e7a destes links no site tem um car\u00e1cter meramente informativo e em caso algum constitui um convite \u00e0 compra de produtos ou servi\u00e7os oferecidos no site de destino. A Vitro S.A. n\u00e3o \u00e9 de forma alguma respons\u00e1vel pela informa\u00e7\u00e3o, servi\u00e7os e conte\u00fados em geral destes sites de terceiros.<\/p>\n<h3><strong>Utiliza\u00e7\u00e3o de cookies\u00a0<\/strong><\/h3>\n<p>Os cookies s\u00e3o pequenos ficheiros de dados que o servidor de Internet envia para o dispositivo com o qual se liga aos nossos sites e que armazena. Est\u00e3o associados apenas ao seu navegador e n\u00e3o fornecem dados pessoais por si s\u00f3. Os cookies n\u00e3o podem danificar o seu dispositivo e s\u00e3o tamb\u00e9m muito \u00fateis, pois ajudam-nos a identificar e a resolver erros para al\u00e9m de:<\/p>\n<ul>\n<li>Garanta que o site funciona corretamente.<\/li>\n<li>Armazene as prefer\u00eancias de idioma que selecionou.<\/li>\n<\/ul>\n<p>No seu browser, pode definir regras de gest\u00e3o de cookies por website, proporcionando um controlo mais preciso sobre a sua privacidade. Ao navegar neste website, compreendemos que concorda com a sua utiliza\u00e7\u00e3o.<\/p>\n<h4>Sobre esta pol\u00edtica de cookies<\/h4>\n<div>\n<p>Esta Pol\u00edtica de Cookies explica o que s\u00e3o os cookies e a forma como os utilizamos, os tipos de cookies que utilizamos, ou seja, a informa\u00e7\u00e3o que recolhemos atrav\u00e9s dos cookies e a forma como essa informa\u00e7\u00e3o \u00e9 utilizada, e como controlar as prefer\u00eancias dos cookies. Para mais informa\u00e7\u00f5es sobre a forma como utilizamos, armazenamos e mantemos os seus dados pessoais seguros, consulte a nossa Pol\u00edtica de Privacidade.<\/p>\n<p>Pode a qualquer momento alterar ou retirar o seu consentimento da Declara\u00e7\u00e3o de Cookies no nosso site<br \/>\nSaiba mais sobre quem somos, como pode contactar-nos e como tratamos os dados pessoais na nossa Pol\u00edtica de Privacidade.<br \/>\nO seu consentimento aplica-se aos seguintes dom\u00ednios: vitro.bio<\/p>\n<\/div>\n<h4>O que s\u00e3o cookies?<\/h4>\n<div>Os cookies s\u00e3o pequenos ficheiros de texto utilizados para armazenar pequenas informa\u00e7\u00f5es. S\u00e3o armazenados no seu dispositivo quando o site \u00e9 carregado no seu browser. Estes cookies ajudam-nos a fazer com que o site funcione corretamente, a torn\u00e1-lo mais seguro, a proporcionar uma melhor experi\u00eancia ao utilizador e a compreender o desempenho do site e a analisar o que funciona e onde precisa de ser melhorado.<\/div>\n<h4>Como utilizamos os cookies?<\/h4>\n<div>\n<p>Tal como a maioria dos servi\u00e7os online, o nosso site utiliza cookies pr\u00f3prios e de terceiros para diversos fins. Os cookies prim\u00e1rios s\u00e3o principalmente necess\u00e1rios para que o website funcione corretamente e n\u00e3o recolhem nenhum dos seus dados de identifica\u00e7\u00e3o pessoal.<\/p>\n<p>Os cookies de terceiros utilizados no nosso website s\u00e3o principalmente para compreender o desempenho do website, como interage com o nosso website, manter os nossos servi\u00e7os seguros, fornecer an\u00fancios que sejam relevantes para si e, em suma, fornecer-lhe um utilizador melhor e melhorado experi\u00eancia e ajudar a acelerar as suas futuras intera\u00e7\u00f5es com o nosso website.<\/p>\n<\/div>\n<h4>Que tipos de cookies utilizamos?<\/h4>\n<div>\n<p>Essencial: Alguns cookies s\u00e3o essenciais para que possa experimentar todas as funcionalidades do nosso website. Permitem-nos manter as sess\u00f5es dos utilizadores e prevenir quaisquer amea\u00e7as \u00e0 seguran\u00e7a. N\u00e3o recolhem nem armazenam nenhuma informa\u00e7\u00e3o pessoal. Por exemplo, estes cookies permitem-lhe iniciar sess\u00e3o na sua conta e adicionar produtos ao seu carrinho e finalizar a compra em seguran\u00e7a.<\/p>\n<p>Estat\u00edsticas: Estes cookies armazenam informa\u00e7\u00f5es como o n\u00famero de visitantes do website, o n\u00famero de visitantes \u00fanicos, que p\u00e1ginas do website foram visitadas, a origem da visita, etc.<\/p>\n<p>Marketing: O nosso site exibe an\u00fancios. Estes cookies s\u00e3o utilizados para personalizar os an\u00fancios que lhe mostramos, para que sejam significativos para si. Estes biscoitos ajudam-nos tamb\u00e9m a acompanhar a efici\u00eancia destas campanhas publicit\u00e1rias.<br \/>\nAs informa\u00e7\u00f5es armazenadas nestes cookies tamb\u00e9m podem ser utilizadas por fornecedores de an\u00fancios terceiros para mostrar an\u00fancios noutros sites no navegador.<\/p>\n<p>Funcionais: S\u00e3o os cookies que auxiliam determinadas funcionalidades n\u00e3o essenciais do nosso website. Estas funcionalidades incluem a incorpora\u00e7\u00e3o de conte\u00fados como v\u00eddeos ou a partilha de conte\u00fados do website em plataformas de redes sociais.<\/p>\n<p>Prefer\u00eancias: Estes cookies ajudam-nos a armazenar as suas defini\u00e7\u00f5es e prefer\u00eancias de navega\u00e7\u00e3o, como as prefer\u00eancias de idioma, para que tenha uma experi\u00eancia melhor e mais eficiente em futuras visitas ao website.<\/p>\n<div class=\"cky-audit-table-element\"><\/div>\n<\/div>\n<h4>Como posso controlar as prefer\u00eancias de cookies?<\/h4>\n<div>\n<p>Caso decida alterar as suas prefer\u00eancias posteriormente durante a sess\u00e3o de navega\u00e7\u00e3o, pode clicar no separador &#8220;Pol\u00edtica de Privacidade e Cookies&#8221; no ecr\u00e3. Isto exibir\u00e1 novamente o aviso de consentimento, permitindo-lhe alterar as suas prefer\u00eancias ou retirar totalmente o seu consentimento.<\/p>\n<p>Al\u00e9m disso, diferentes navegadores oferecem diferentes m\u00e9todos para bloquear e eliminar cookies utilizados pelos websites. Pode alterar as defini\u00e7\u00f5es do seu navegador para bloquear\/apagar os cookies. Para saber mais sobre como gerir e eliminar cookies, visite wikipedia.org, www.allaboutcookies.org.<\/p>\n<\/div>\n<p>\n<\/div><\/div><\/div><\/div><\/div><\/div><\/div><!-- cell_inner --><\/div><!-- cell --><\/div><!-- port --><\/section>\n","protected":false},"excerpt":{"rendered":"","protected":false},"author":1,"featured_media":0,"parent":0,"menu_order":0,"comment_status":"closed","ping_status":"closed","template":"","meta":{"footnotes":""},"class_list":["post-13194","page","type-page","status-publish","hentry"],"yoast_head":"<!-- This site is optimized with the Yoast SEO plugin v27.3 - https:\/\/yoast.com\/product\/yoast-seo-wordpress\/ -->\n<title>Pol\u00edtica de cookies - Vitro master diagn\u00f3stica<\/title>\n<meta name=\"robots\" content=\"index, follow, max-snippet:-1, max-image-preview:large, max-video-preview:-1\" \/>\n<link rel=\"canonical\" href=\"https:\/\/vitro.bio\/pt-pt\/politica-de-cookies\/\" \/>\n<meta property=\"og:locale\" content=\"pt_PT\" \/>\n<meta property=\"og:type\" content=\"article\" \/>\n<meta property=\"og:title\" content=\"Pol\u00edtica de cookies - Vitro master diagn\u00f3stica\" \/>\n<meta property=\"og:url\" content=\"https:\/\/vitro.bio\/pt-pt\/politica-de-cookies\/\" \/>\n<meta property=\"og:site_name\" content=\"Vitro master diagn\u00f3stica\" \/>\n<meta property=\"article:modified_time\" content=\"2024-11-20T10:43:42+00:00\" \/>\n<meta name=\"twitter:card\" content=\"summary_large_image\" \/>\n<meta name=\"twitter:label1\" content=\"Tempo estimado de leitura\" \/>\n\t<meta name=\"twitter:data1\" content=\"9 minutos\" \/>\n<script type=\"application\/ld+json\" class=\"yoast-schema-graph\">{\"@context\":\"https:\\\/\\\/schema.org\",\"@graph\":[{\"@type\":\"WebPage\",\"@id\":\"https:\\\/\\\/vitro.bio\\\/pt-pt\\\/politica-de-cookies\\\/\",\"url\":\"https:\\\/\\\/vitro.bio\\\/pt-pt\\\/politica-de-cookies\\\/\",\"name\":\"Pol\u00edtica de cookies - Vitro master diagn\u00f3stica\",\"isPartOf\":{\"@id\":\"https:\\\/\\\/vitro.bio\\\/#website\"},\"datePublished\":\"2022-02-04T08:35:18+00:00\",\"dateModified\":\"2024-11-20T10:43:42+00:00\",\"breadcrumb\":{\"@id\":\"https:\\\/\\\/vitro.bio\\\/pt-pt\\\/politica-de-cookies\\\/#breadcrumb\"},\"inLanguage\":\"pt-PT\",\"potentialAction\":[{\"@type\":\"ReadAction\",\"target\":[\"https:\\\/\\\/vitro.bio\\\/pt-pt\\\/politica-de-cookies\\\/\"]}]},{\"@type\":\"BreadcrumbList\",\"@id\":\"https:\\\/\\\/vitro.bio\\\/pt-pt\\\/politica-de-cookies\\\/#breadcrumb\",\"itemListElement\":[{\"@type\":\"ListItem\",\"position\":1,\"name\":\"Home\",\"item\":\"https:\\\/\\\/vitro.bio\\\/pt-pt\\\/\"},{\"@type\":\"ListItem\",\"position\":2,\"name\":\"Pol\u00edtica de cookies\"}]},{\"@type\":\"WebSite\",\"@id\":\"https:\\\/\\\/vitro.bio\\\/#website\",\"url\":\"https:\\\/\\\/vitro.bio\\\/\",\"name\":\"Vitro master diagn\u00f3stica\",\"description\":\"\",\"publisher\":{\"@id\":\"https:\\\/\\\/vitro.bio\\\/#organization\"},\"potentialAction\":[{\"@type\":\"SearchAction\",\"target\":{\"@type\":\"EntryPoint\",\"urlTemplate\":\"https:\\\/\\\/vitro.bio\\\/?s={search_term_string}\"},\"query-input\":{\"@type\":\"PropertyValueSpecification\",\"valueRequired\":true,\"valueName\":\"search_term_string\"}}],\"inLanguage\":\"pt-PT\"},{\"@type\":\"Organization\",\"@id\":\"https:\\\/\\\/vitro.bio\\\/#organization\",\"name\":\"Vitro master diagn\u00f3stica\",\"url\":\"https:\\\/\\\/vitro.bio\\\/\",\"logo\":{\"@type\":\"ImageObject\",\"inLanguage\":\"pt-PT\",\"@id\":\"https:\\\/\\\/vitro.bio\\\/#\\\/schema\\\/logo\\\/image\\\/\",\"url\":\"https:\\\/\\\/vitro.bio\\\/wp-content\\\/uploads\\\/2024\\\/10\\\/LOGO-VITRO-MASTER-DIAGNOSTICA.png\",\"contentUrl\":\"https:\\\/\\\/vitro.bio\\\/wp-content\\\/uploads\\\/2024\\\/10\\\/LOGO-VITRO-MASTER-DIAGNOSTICA.png\",\"width\":1916,\"height\":597,\"caption\":\"Vitro master diagn\u00f3stica\"},\"image\":{\"@id\":\"https:\\\/\\\/vitro.bio\\\/#\\\/schema\\\/logo\\\/image\\\/\"}}]}<\/script>\n<!-- \/ Yoast SEO plugin. -->","yoast_head_json":{"title":"Pol\u00edtica de cookies - Vitro master diagn\u00f3stica","robots":{"index":"index","follow":"follow","max-snippet":"max-snippet:-1","max-image-preview":"max-image-preview:large","max-video-preview":"max-video-preview:-1"},"canonical":"https:\/\/vitro.bio\/pt-pt\/politica-de-cookies\/","og_locale":"pt_PT","og_type":"article","og_title":"Pol\u00edtica de cookies - Vitro master diagn\u00f3stica","og_url":"https:\/\/vitro.bio\/pt-pt\/politica-de-cookies\/","og_site_name":"Vitro master diagn\u00f3stica","article_modified_time":"2024-11-20T10:43:42+00:00","twitter_card":"summary_large_image","twitter_misc":{"Tempo estimado de leitura":"9 minutos"},"schema":{"@context":"https:\/\/schema.org","@graph":[{"@type":"WebPage","@id":"https:\/\/vitro.bio\/pt-pt\/politica-de-cookies\/","url":"https:\/\/vitro.bio\/pt-pt\/politica-de-cookies\/","name":"Pol\u00edtica de cookies - Vitro master diagn\u00f3stica","isPartOf":{"@id":"https:\/\/vitro.bio\/#website"},"datePublished":"2022-02-04T08:35:18+00:00","dateModified":"2024-11-20T10:43:42+00:00","breadcrumb":{"@id":"https:\/\/vitro.bio\/pt-pt\/politica-de-cookies\/#breadcrumb"},"inLanguage":"pt-PT","potentialAction":[{"@type":"ReadAction","target":["https:\/\/vitro.bio\/pt-pt\/politica-de-cookies\/"]}]},{"@type":"BreadcrumbList","@id":"https:\/\/vitro.bio\/pt-pt\/politica-de-cookies\/#breadcrumb","itemListElement":[{"@type":"ListItem","position":1,"name":"Home","item":"https:\/\/vitro.bio\/pt-pt\/"},{"@type":"ListItem","position":2,"name":"Pol\u00edtica de cookies"}]},{"@type":"WebSite","@id":"https:\/\/vitro.bio\/#website","url":"https:\/\/vitro.bio\/","name":"Vitro master diagn\u00f3stica","description":"","publisher":{"@id":"https:\/\/vitro.bio\/#organization"},"potentialAction":[{"@type":"SearchAction","target":{"@type":"EntryPoint","urlTemplate":"https:\/\/vitro.bio\/?s={search_term_string}"},"query-input":{"@type":"PropertyValueSpecification","valueRequired":true,"valueName":"search_term_string"}}],"inLanguage":"pt-PT"},{"@type":"Organization","@id":"https:\/\/vitro.bio\/#organization","name":"Vitro master diagn\u00f3stica","url":"https:\/\/vitro.bio\/","logo":{"@type":"ImageObject","inLanguage":"pt-PT","@id":"https:\/\/vitro.bio\/#\/schema\/logo\/image\/","url":"https:\/\/vitro.bio\/wp-content\/uploads\/2024\/10\/LOGO-VITRO-MASTER-DIAGNOSTICA.png","contentUrl":"https:\/\/vitro.bio\/wp-content\/uploads\/2024\/10\/LOGO-VITRO-MASTER-DIAGNOSTICA.png","width":1916,"height":597,"caption":"Vitro master diagn\u00f3stica"},"image":{"@id":"https:\/\/vitro.bio\/#\/schema\/logo\/image\/"}}]}},"_links":{"self":[{"href":"https:\/\/vitro.bio\/pt-pt\/wp-json\/wp\/v2\/pages\/13194","targetHints":{"allow":["GET"]}}],"collection":[{"href":"https:\/\/vitro.bio\/pt-pt\/wp-json\/wp\/v2\/pages"}],"about":[{"href":"https:\/\/vitro.bio\/pt-pt\/wp-json\/wp\/v2\/types\/page"}],"author":[{"embeddable":true,"href":"https:\/\/vitro.bio\/pt-pt\/wp-json\/wp\/v2\/users\/1"}],"replies":[{"embeddable":true,"href":"https:\/\/vitro.bio\/pt-pt\/wp-json\/wp\/v2\/comments?post=13194"}],"version-history":[{"count":0,"href":"https:\/\/vitro.bio\/pt-pt\/wp-json\/wp\/v2\/pages\/13194\/revisions"}],"wp:attachment":[{"href":"https:\/\/vitro.bio\/pt-pt\/wp-json\/wp\/v2\/media?parent=13194"}],"curies":[{"name":"wp","href":"https:\/\/api.w.org\/{rel}","templated":true}]}}