{"id":13315,"date":"2024-01-24T12:50:57","date_gmt":"2024-01-24T11:50:57","guid":{"rendered":"https:\/\/vitro.bio\/reagentes-de-anatomia-patologica\/imuno-histoquimica\/reagentes-auxiliares-e-consumiveis\/"},"modified":"2025-11-06T09:16:50","modified_gmt":"2025-11-06T08:16:50","slug":"reagentes-auxiliares-e-consumiveis","status":"publish","type":"page","link":"https:\/\/vitro.bio\/pt-pt\/reagentes-de-anatomia-patologica\/imuno-histoquimica\/reagentes-auxiliares-e-consumiveis\/","title":{"rendered":"Reagentes auxiliares e consum\u00edveis"},"content":{"rendered":"<p><section data-bb-version=\"4.7.6\" id=\"bt_bb_section69e5d2e28a415\" class=\"bt_bb_section bt_bb_color_scheme_6 bt_bb_layout_boxed_1200 bt_bb_vertical_align_middle bt_bb_bottom_section_coverage_image bt_bb_section_with_bottom_coverage_image bt_bb_top_spacing_medium bt_bb_bottom_spacing_large\" style=\"; --section-primary-color:#ffffff; --section-secondary-color:#009ee0;\" data-bt-override-class=\"{&quot;bt_bb_top_spacing_&quot;:{&quot;current_class&quot;:&quot;bt_bb_top_spacing_medium&quot;,&quot;def&quot;:&quot;medium&quot;},&quot;bt_bb_bottom_spacing_&quot;:{&quot;current_class&quot;:&quot;bt_bb_bottom_spacing_large&quot;,&quot;def&quot;:&quot;large&quot;}}\"><div class=\"bt_bb_background_image_holder_wrapper\"><div class=\"bt_bb_background_image_holder btLazyLoadBackground bt_bb_parallax\"  data-background_image_src=\"https:\/\/vitro.bio\/wp-content\/uploads\/2023\/12\/ihq.jpg\" data-parallax=\"0.5\" data-parallax-offset=\"-450\" data-parallax-zoom-start=\"1\" data-parallax-zoom-end=\"1\" data-parallax-blur-start=\"0\" data-parallax-blur-end=\"0\" data-parallax-opacity-start=\"1\" data-parallax-opacity-end=\"1\" style=\" background-image: url(&#039;https:\/\/vitro.bio\/wp-content\/plugins\/bold-page-builder\/img\/blank.gif&#039;);\"><\/div><\/div><div class=\"bt_bb_port\"><div class=\"bt_bb_cell\"><div class=\"bt_bb_cell_inner\"><div class=\"bt_bb_row \"  data-bt-override-class=\"{}\"><div class=\"bt_bb_row_holder\" ><div  class=\"bt_bb_column col-xxl-8 col-xl-8 col-xs-12 col-sm-12 col-md-12 col-lg-8 bt_bb_vertical_align_top bt_bb_align_left bt_bb_padding_normal bt_bb_animation_fade_in animate\" style=\"; --column-width:8;\" data-width=\"8\" data-bt-override-class=\"{}\"><div class=\"bt_bb_column_content\"><div class=\"bt_bb_column_content_inner\"><header data-bb-version=\"5.1.6\" class=\"bt_bb_headline bt_bb_font_weight_medium bt_bb_dash_none bt_bb_superheadline bt_bb_size_normal bt_bb_align_inherit\" data-bt-override-class=\"{&quot;bt_bb_size_&quot;:{&quot;current_class&quot;:&quot;bt_bb_size_normal&quot;,&quot;def&quot;:&quot;normal&quot;},&quot;bt_bb_align_&quot;:{&quot;current_class&quot;:&quot;bt_bb_align_inherit&quot;,&quot;def&quot;:&quot;inherit&quot;}}\"><h1 class=\"bt_bb_headline_tag\"><span class=\"bt_bb_headline_superheadline\">REAGENTES DE ANATOMIA PATOL\u00d3GICA<\/span><span class=\"bt_bb_headline_content\"><span>Reagentes auxiliares e consum\u00edveis<\/span><\/span><\/h1><\/header><div class=\"bt_bb_separator bt_bb_border_style_none bt_bb_border_color_none bt_bb_top_spacing_normal bt_bb_bottom_spacing_\" data-bt-override-class=\"{&quot;bt_bb_top_spacing_&quot;:{&quot;current_class&quot;:&quot;bt_bb_top_spacing_normal&quot;,&quot;def&quot;:&quot;normal&quot;,&quot;xl&quot;:&quot;normal&quot;},&quot;bt_bb_bottom_spacing_&quot;:{&quot;current_class&quot;:&quot;bt_bb_bottom_spacing_&quot;,&quot;def&quot;:&quot;&quot;,&quot;xl&quot;:&quot;&quot;}}\"><\/div><\/div><\/div><\/div><div  class=\"bt_bb_column col-xxl-4 col-xl-4 col-xs-12 col-sm-12 col-md-12 col-lg-4 bt_bb_vertical_align_top bt_bb_align_left bt_bb_padding_normal\" style=\"; --column-width:4;\" data-width=\"4\" data-bt-override-class=\"{}\"><div class=\"bt_bb_column_content\"><div class=\"bt_bb_column_content_inner\"><\/div><\/div><\/div><\/div><\/div><div class=\"bt_bb_row \"  data-bt-override-class=\"{}\"><div class=\"bt_bb_row_holder\" ><div  class=\"bt_bb_column col-xxl-12 col-xl-12 col-xs-12 col-sm-12 col-md-12 col-lg-12 bt_bb_vertical_align_top bt_bb_align_left bt_bb_padding_normal bt_bb_animation_fade_in animate\" style=\"; --column-width:12;\" data-width=\"12\" data-bt-override-class=\"{}\"><div class=\"bt_bb_column_content\"><div class=\"bt_bb_column_content_inner\"><div data-bb-version=\"4.7.6\"  class=\"bt_bb_text\" ><\/p>\n<nav aria-label=\"breadcrumbs\">\n<div class=\"breadcrumb-container theme5\">\n<ol>\n                                    <\/ol>\n<\/p><\/div>\n<\/nav>\n<p>    <script type=\"application\/ld+json\">\n        {\n            \"@context\": \"http:\/\/schema.org\",\n            \"@type\": \"BreadcrumbList\",\n            \"itemListElement\": [\n                            ]\n        }\n    <\/script><\/p>\n<p>    <script>\n            <\/script><\/p>\n<p>\n<\/div><\/div><\/div><\/div><\/div><\/div><\/div><!-- cell_inner --><\/div><!-- cell --><\/div><!-- port --><div class=\"bt_bb_section_bottom_section_coverage_image\"><img decoding=\"async\" src=\"https:\/\/vitro.bio\/wp-content\/uploads\/2020\/04\/bottom_cover_3.png\" alt=\"bt_bb_section_bottom_section_coverage_image\" \/><\/div><\/section><section data-bb-version=\"4.7.6\" id=\"bt_bb_section69e5d2e28adbb\" class=\"bt_bb_section bt_bb_layout_boxed_1200 bt_bb_vertical_align_top bt_bb_background_overlay_light_bottom_gradient bt_bb_top_spacing_normal bt_bb_bottom_spacing_medium\" style=\"z-index:3;\" data-bt-override-class=\"{&quot;bt_bb_top_spacing_&quot;:{&quot;current_class&quot;:&quot;bt_bb_top_spacing_normal&quot;,&quot;def&quot;:&quot;normal&quot;},&quot;bt_bb_bottom_spacing_&quot;:{&quot;current_class&quot;:&quot;bt_bb_bottom_spacing_medium&quot;,&quot;def&quot;:&quot;medium&quot;}}\"><div class=\"bt_bb_background_image_holder_wrapper\"><div class=\"bt_bb_background_image_holder btLazyLoadBackground bt_bb_parallax\"  data-background_image_src=\"https:\/\/vitro.bio\/wp-content\/uploads\/2022\/02\/bg_vitro.png\" data-parallax=\"0.7\" data-parallax-offset=\"0\" data-parallax-zoom-start=\"1\" data-parallax-zoom-end=\"1\" data-parallax-blur-start=\"0\" data-parallax-blur-end=\"0\" data-parallax-opacity-start=\"1\" data-parallax-opacity-end=\"1\" style=\" background-image: url(&#039;https:\/\/vitro.bio\/wp-content\/plugins\/bold-page-builder\/img\/blank.gif&#039;);\"><\/div><\/div><div class=\"bt_bb_port\"><div class=\"bt_bb_cell\"><div class=\"bt_bb_cell_inner\"><div data-bb-version=\"4.7.6\" class=\"bt_bb_row  bt_bb_column_gap_small\"  data-bt-override-class=\"{}\"><div class=\"bt_bb_row_holder\" ><div data-bb-version=\"4.7.6\"  class=\"bt_bb_column col-xxl-12 col-xl-12 col-xs-12 col-sm-12 col-md-12 col-lg-12 bt_bb_vertical_align_top bt_bb_align_left bt_bb_padding_normal\" style=\"; --column-width:12;\" data-width=\"12\" data-bt-override-class=\"{}\"><div class=\"bt_bb_column_content\"><div class=\"bt_bb_column_content_inner\"><div data-bb-version=\"5.4.7\" class=\"bt_bb_button download-link bt_bb_color_scheme_4 bt_bb_icon_position_left bt_bb_style_outline bt_bb_size_normal bt_bb_width_inline bt_bb_shape_inherit bt_bb_target_lightbox bt_bb_use_lightbox bt_bb_text_transform_inherit bt_bb_align_right\" style=\"; --primary-color:#009ee0; --secondary-color:#ffffff;\" data-bt-override-class=\"{&quot;bt_bb_size_&quot;:{&quot;current_class&quot;:&quot;bt_bb_size_normal&quot;,&quot;def&quot;:&quot;normal&quot;},&quot;bt_bb_align_&quot;:{&quot;current_class&quot;:&quot;bt_bb_align_right&quot;,&quot;def&quot;:&quot;right&quot;,&quot;sm&quot;:&quot;left&quot;,&quot;xs&quot;:&quot;left&quot;}}\"><a href=\"https:\/\/vitro.bio\/wp-content\/uploads\/2020\/05\/IHQ-AUXILIARY-GEAGENTS_compressed.pdf\" target=\"_blank\" class=\"bt_bb_link\" title=\"Transferir a brochura\"><span class=\"bt_bb_button_text\" >Transferir a brochura<\/span><span  data-ico-essential=\"&#xe955;\" class=\"bt_bb_icon_holder\"><\/span><\/a><\/div><div data-bb-version=\"4.7.6\" class=\"bt_bb_separator bt_bb_border_style_none bt_bb_border_color_none bt_bb_top_spacing_none bt_bb_bottom_spacing_medium\" data-bt-override-class=\"{&quot;bt_bb_top_spacing_&quot;:{&quot;current_class&quot;:&quot;bt_bb_top_spacing_none&quot;,&quot;def&quot;:&quot;none&quot;},&quot;bt_bb_bottom_spacing_&quot;:{&quot;current_class&quot;:&quot;bt_bb_bottom_spacing_medium&quot;,&quot;def&quot;:&quot;medium&quot;}}\"><\/div><\/div><\/div><\/div><\/div><\/div><div data-bb-version=\"4.7.6\" class=\"bt_bb_row  bt_bb_column_gap_small\"  data-bt-override-class=\"{}\"><div class=\"bt_bb_row_holder\" ><div data-bb-version=\"4.7.6\"  class=\"bt_bb_column col-xxl-12 col-xl-12 col-xs-12 col-sm-12 col-md-12 col-lg-12 bt_bb_vertical_align_top bt_bb_align_left bt_bb_padding_normal\" style=\"; --column-width:12;\" data-width=\"12\" data-bt-override-class=\"{}\"><div class=\"bt_bb_column_content\"><div class=\"bt_bb_column_content_inner\"><div class=\"bt_bb_separator bt_bb_border_style_none bt_bb_border_color_none bt_bb_top_spacing_ bt_bb_bottom_spacing_\" data-bt-override-class=\"{&quot;bt_bb_top_spacing_&quot;:{&quot;current_class&quot;:&quot;bt_bb_top_spacing_&quot;,&quot;def&quot;:&quot;&quot;,&quot;xl&quot;:&quot;&quot;},&quot;bt_bb_bottom_spacing_&quot;:{&quot;current_class&quot;:&quot;bt_bb_bottom_spacing_&quot;,&quot;def&quot;:&quot;&quot;,&quot;xl&quot;:&quot;&quot;,&quot;sm&quot;:&quot;small&quot;,&quot;xs&quot;:&quot;small&quot;}}\"><\/div><header data-bb-version=\"5.1.6\" class=\"bt_bb_headline bt_bb_dash_top bt_bb_superheadline bt_bb_subheadline bt_bb_size_normal bt_bb_align_inherit\" data-bt-override-class=\"{&quot;bt_bb_size_&quot;:{&quot;current_class&quot;:&quot;bt_bb_size_normal&quot;,&quot;def&quot;:&quot;normal&quot;},&quot;bt_bb_align_&quot;:{&quot;current_class&quot;:&quot;bt_bb_align_inherit&quot;,&quot;def&quot;:&quot;inherit&quot;}}\"><h2 class=\"bt_bb_headline_tag\"><span class=\"bt_bb_headline_superheadline\">ANATOMIA PATOL\u00d3GICA<\/span><span class=\"bt_bb_headline_content\"><span>Reagentes auxiliares e consum\u00edveis<\/span><\/span><\/h2><div class=\"bt_bb_headline_subheadline\">O nosso cat\u00e1logo oferece uma gama completa de reagentes auxiliares para satisfazer as necessidades dos nossos clientes com t\u00e9cnicas de imuno-histoqu\u00edmica.<br \/><br \/>\n<\/div><\/header><div class=\"bt_bb_separator bt_bb_border_style_none bt_bb_border_color_none bt_bb_top_spacing_ bt_bb_bottom_spacing_normal\" data-bt-override-class=\"{&quot;bt_bb_top_spacing_&quot;:{&quot;current_class&quot;:&quot;bt_bb_top_spacing_&quot;,&quot;def&quot;:&quot;&quot;,&quot;xl&quot;:&quot;&quot;},&quot;bt_bb_bottom_spacing_&quot;:{&quot;current_class&quot;:&quot;bt_bb_bottom_spacing_normal&quot;,&quot;def&quot;:&quot;normal&quot;,&quot;xl&quot;:&quot;normal&quot;}}\"><\/div><div data-bb-version=\"4.7.6\"  class=\"bt_bb_text\" ><\/p>\n<p>Os reagentes auxiliares oferecidos pela Vitro s\u00e3o compat\u00edveis n\u00e3o s\u00f3 com os nossos anticorpos, sistemas de dete\u00e7\u00e3o ou instrumenta\u00e7\u00e3o, mas tamb\u00e9m com qualquer outro sistema automatizado dispon\u00edvel no mercado.<\/p>\n<p>\n<\/div><div class=\"bt_bb_separator bt_bb_border_style_none bt_bb_border_color_none bt_bb_top_spacing_ bt_bb_bottom_spacing_normal\" data-bt-override-class=\"{&quot;bt_bb_top_spacing_&quot;:{&quot;current_class&quot;:&quot;bt_bb_top_spacing_&quot;,&quot;def&quot;:&quot;&quot;,&quot;xl&quot;:&quot;&quot;},&quot;bt_bb_bottom_spacing_&quot;:{&quot;current_class&quot;:&quot;bt_bb_bottom_spacing_normal&quot;,&quot;def&quot;:&quot;normal&quot;,&quot;xl&quot;:&quot;normal&quot;}}\"><\/div><\/div><\/div><\/div><\/div><\/div><div class=\"bt_bb_row \"  data-bt-override-class=\"{}\"><div class=\"bt_bb_row_holder\" ><div data-bb-version=\"4.7.6\"  class=\"bt_bb_column col-xxl-2_4 col-xl-2_4 col-xs-12 col-sm-12 col-md-12 col-lg-2_4 bt_bb_vertical_align_top bt_bb_align_left bt_bb_padding_normal\" style=\"; --column-width:2.4;\" data-width=\"2.4\" data-bt-override-class=\"{}\"><div class=\"bt_bb_column_content\"><div class=\"bt_bb_column_content_inner\"><\/div><\/div><\/div><div data-bb-version=\"4.7.6\"  class=\"bt_bb_column col-xxl-2_4 col-xl-2_4 col-xs-12 col-sm-12 col-md-12 col-lg-2_4 bt_bb_vertical_align_top bt_bb_align_left bt_bb_padding_normal\" style=\"; --column-width:2.4;\" data-width=\"2.4\" data-bt-override-class=\"{}\"><div class=\"bt_bb_column_content\"><div class=\"bt_bb_column_content_inner\"><\/div><\/div><\/div><div data-bb-version=\"4.7.6\"  class=\"bt_bb_column col-xxl-2_4 col-xl-2_4 col-xs-12 col-sm-12 col-md-12 col-lg-2_4 bt_bb_vertical_align_top bt_bb_align_left bt_bb_padding_normal\" style=\"; --column-width:2.4;\" data-width=\"2.4\" data-bt-override-class=\"{}\"><div class=\"bt_bb_column_content\"><div class=\"bt_bb_column_content_inner\"><div data-bb-version=\"5.1.6\" class=\"bt_bb_button bt_bb_color_scheme_6 bt_bb_icon_position_left bt_bb_style_filled bt_bb_size_normal bt_bb_width_inline bt_bb_shape_inherit bt_bb_target_self bt_bb_text_transform_inherit bt_bb_align_inherit\" style=\"; --primary-color:#ffffff; --secondary-color:#009ee0;\" data-bt-override-class=\"{&quot;bt_bb_size_&quot;:{&quot;current_class&quot;:&quot;bt_bb_size_normal&quot;,&quot;def&quot;:&quot;normal&quot;},&quot;bt_bb_align_&quot;:{&quot;current_class&quot;:&quot;bt_bb_align_inherit&quot;,&quot;def&quot;:&quot;inherit&quot;}}\"><a href=\"https:\/\/vitro.bio\/pt-pt\/contacto\/\" target=\"_self\" class=\"bt_bb_link\" title=\"Mais informa\u00e7\u00f5es\"><span class=\"bt_bb_button_text\" >Mais informa\u00e7\u00f5es<\/span><\/a><\/div><\/div><\/div><\/div><div data-bb-version=\"4.7.6\"  class=\"bt_bb_column col-xxl-2_4 col-xl-2_4 col-xs-12 col-sm-12 col-md-12 col-lg-2_4 bt_bb_vertical_align_top bt_bb_align_left bt_bb_padding_normal\" style=\"; --column-width:2.4;\" data-width=\"2.4\" data-bt-override-class=\"{}\"><div class=\"bt_bb_column_content\"><div class=\"bt_bb_column_content_inner\"><\/div><\/div><\/div><div data-bb-version=\"4.7.6\"  class=\"bt_bb_column col-xxl-2_4 col-xl-2_4 col-xs-12 col-sm-12 col-md-12 col-lg-2_4 bt_bb_vertical_align_top bt_bb_align_left bt_bb_padding_normal\" style=\"; --column-width:2.4;\" data-width=\"2.4\" data-bt-override-class=\"{}\"><div class=\"bt_bb_column_content\"><div class=\"bt_bb_column_content_inner\"><\/div><\/div><\/div><\/div><\/div><div data-bb-version=\"4.7.6\" class=\"bt_bb_row \"  data-bt-override-class=\"{}\"><div class=\"bt_bb_row_holder\" ><div data-bb-version=\"4.7.6\"  class=\"bt_bb_column col-xxl-12 col-xl-12 col-xs-12 col-sm-12 col-md-12 col-lg-12 bt_bb_vertical_align_top bt_bb_align_left bt_bb_padding_normal\" style=\"; --column-width:12;\" data-width=\"12\" data-bt-override-class=\"{}\"><div class=\"bt_bb_column_content\"><div class=\"bt_bb_column_content_inner\"><div data-bb-version=\"4.7.6\" class=\"bt_bb_separator bt_bb_border_style_none bt_bb_border_color_none bt_bb_top_spacing_none bt_bb_bottom_spacing_medium\" data-bt-override-class=\"{&quot;bt_bb_top_spacing_&quot;:{&quot;current_class&quot;:&quot;bt_bb_top_spacing_none&quot;,&quot;def&quot;:&quot;none&quot;},&quot;bt_bb_bottom_spacing_&quot;:{&quot;current_class&quot;:&quot;bt_bb_bottom_spacing_medium&quot;,&quot;def&quot;:&quot;medium&quot;}}\"><\/div><\/div><\/div><\/div><\/div><\/div><\/div><!-- cell_inner --><\/div><!-- cell --><\/div><!-- port --><\/section><\/p>\n","protected":false},"excerpt":{"rendered":"","protected":false},"author":1,"featured_media":0,"parent":13297,"menu_order":0,"comment_status":"closed","ping_status":"closed","template":"","meta":{"footnotes":""},"class_list":["post-13315","page","type-page","status-publish","hentry"],"yoast_head":"<!-- This site is optimized with the Yoast SEO plugin v27.3 - https:\/\/yoast.com\/product\/yoast-seo-wordpress\/ -->\n<title>Reagentes auxiliares e consum\u00edveis - Vitro master diagn\u00f3stica<\/title>\n<meta name=\"robots\" content=\"index, follow, max-snippet:-1, max-image-preview:large, max-video-preview:-1\" \/>\n<link rel=\"canonical\" href=\"https:\/\/vitro.bio\/reactivos-anatomia-patologica\/inmunohistoquimica\/reactivos-auxiliares-y-consumibles\/\" \/>\n<meta property=\"og:locale\" content=\"pt_PT\" \/>\n<meta property=\"og:type\" content=\"article\" \/>\n<meta property=\"og:title\" content=\"Reagentes auxiliares e consum\u00edveis - Vitro master diagn\u00f3stica\" \/>\n<meta property=\"og:url\" content=\"https:\/\/vitro.bio\/reactivos-anatomia-patologica\/inmunohistoquimica\/reactivos-auxiliares-y-consumibles\/\" \/>\n<meta property=\"og:site_name\" content=\"Vitro master diagn\u00f3stica\" \/>\n<meta property=\"article:modified_time\" content=\"2025-11-06T08:16:50+00:00\" \/>\n<meta name=\"twitter:card\" content=\"summary_large_image\" \/>\n<meta name=\"twitter:label1\" content=\"Tempo estimado de leitura\" \/>\n\t<meta name=\"twitter:data1\" content=\"7 minutos\" \/>\n<script type=\"application\/ld+json\" class=\"yoast-schema-graph\">{\"@context\":\"https:\\\/\\\/schema.org\",\"@graph\":[{\"@type\":\"WebPage\",\"@id\":\"https:\\\/\\\/vitro.bio\\\/reactivos-anatomia-patologica\\\/inmunohistoquimica\\\/reactivos-auxiliares-y-consumibles\\\/\",\"url\":\"https:\\\/\\\/vitro.bio\\\/reactivos-anatomia-patologica\\\/inmunohistoquimica\\\/reactivos-auxiliares-y-consumibles\\\/\",\"name\":\"Reagentes auxiliares e consum\u00edveis - Vitro master diagn\u00f3stica\",\"isPartOf\":{\"@id\":\"https:\\\/\\\/vitro.bio\\\/#website\"},\"datePublished\":\"2024-01-24T11:50:57+00:00\",\"dateModified\":\"2025-11-06T08:16:50+00:00\",\"breadcrumb\":{\"@id\":\"https:\\\/\\\/vitro.bio\\\/reactivos-anatomia-patologica\\\/inmunohistoquimica\\\/reactivos-auxiliares-y-consumibles\\\/#breadcrumb\"},\"inLanguage\":\"pt-PT\",\"potentialAction\":[{\"@type\":\"ReadAction\",\"target\":[\"https:\\\/\\\/vitro.bio\\\/reactivos-anatomia-patologica\\\/inmunohistoquimica\\\/reactivos-auxiliares-y-consumibles\\\/\"]}]},{\"@type\":\"BreadcrumbList\",\"@id\":\"https:\\\/\\\/vitro.bio\\\/reactivos-anatomia-patologica\\\/inmunohistoquimica\\\/reactivos-auxiliares-y-consumibles\\\/#breadcrumb\",\"itemListElement\":[{\"@type\":\"ListItem\",\"position\":1,\"name\":\"Home\",\"item\":\"https:\\\/\\\/vitro.bio\\\/pt-pt\\\/\"},{\"@type\":\"ListItem\",\"position\":2,\"name\":\"Reagentes de Anatomia Patol\u00f3gica\",\"item\":\"https:\\\/\\\/vitro.bio\\\/reactivos-anatomia-patologica\\\/\"},{\"@type\":\"ListItem\",\"position\":3,\"name\":\"Imuno-histoqu\u00edmica\",\"item\":\"https:\\\/\\\/vitro.bio\\\/reactivos-anatomia-patologica\\\/inmunohistoquimica\\\/\"},{\"@type\":\"ListItem\",\"position\":4,\"name\":\"Reagentes auxiliares e consum\u00edveis\"}]},{\"@type\":\"WebSite\",\"@id\":\"https:\\\/\\\/vitro.bio\\\/#website\",\"url\":\"https:\\\/\\\/vitro.bio\\\/\",\"name\":\"Vitro master diagn\u00f3stica\",\"description\":\"\",\"publisher\":{\"@id\":\"https:\\\/\\\/vitro.bio\\\/#organization\"},\"potentialAction\":[{\"@type\":\"SearchAction\",\"target\":{\"@type\":\"EntryPoint\",\"urlTemplate\":\"https:\\\/\\\/vitro.bio\\\/?s={search_term_string}\"},\"query-input\":{\"@type\":\"PropertyValueSpecification\",\"valueRequired\":true,\"valueName\":\"search_term_string\"}}],\"inLanguage\":\"pt-PT\"},{\"@type\":\"Organization\",\"@id\":\"https:\\\/\\\/vitro.bio\\\/#organization\",\"name\":\"Vitro master diagn\u00f3stica\",\"url\":\"https:\\\/\\\/vitro.bio\\\/\",\"logo\":{\"@type\":\"ImageObject\",\"inLanguage\":\"pt-PT\",\"@id\":\"https:\\\/\\\/vitro.bio\\\/#\\\/schema\\\/logo\\\/image\\\/\",\"url\":\"https:\\\/\\\/vitro.bio\\\/wp-content\\\/uploads\\\/2024\\\/10\\\/LOGO-VITRO-MASTER-DIAGNOSTICA.png\",\"contentUrl\":\"https:\\\/\\\/vitro.bio\\\/wp-content\\\/uploads\\\/2024\\\/10\\\/LOGO-VITRO-MASTER-DIAGNOSTICA.png\",\"width\":1916,\"height\":597,\"caption\":\"Vitro master diagn\u00f3stica\"},\"image\":{\"@id\":\"https:\\\/\\\/vitro.bio\\\/#\\\/schema\\\/logo\\\/image\\\/\"}}]}<\/script>\n<!-- \/ Yoast SEO plugin. -->","yoast_head_json":{"title":"Reagentes auxiliares e consum\u00edveis - Vitro master diagn\u00f3stica","robots":{"index":"index","follow":"follow","max-snippet":"max-snippet:-1","max-image-preview":"max-image-preview:large","max-video-preview":"max-video-preview:-1"},"canonical":"https:\/\/vitro.bio\/reactivos-anatomia-patologica\/inmunohistoquimica\/reactivos-auxiliares-y-consumibles\/","og_locale":"pt_PT","og_type":"article","og_title":"Reagentes auxiliares e consum\u00edveis - Vitro master diagn\u00f3stica","og_url":"https:\/\/vitro.bio\/reactivos-anatomia-patologica\/inmunohistoquimica\/reactivos-auxiliares-y-consumibles\/","og_site_name":"Vitro master diagn\u00f3stica","article_modified_time":"2025-11-06T08:16:50+00:00","twitter_card":"summary_large_image","twitter_misc":{"Tempo estimado de leitura":"7 minutos"},"schema":{"@context":"https:\/\/schema.org","@graph":[{"@type":"WebPage","@id":"https:\/\/vitro.bio\/reactivos-anatomia-patologica\/inmunohistoquimica\/reactivos-auxiliares-y-consumibles\/","url":"https:\/\/vitro.bio\/reactivos-anatomia-patologica\/inmunohistoquimica\/reactivos-auxiliares-y-consumibles\/","name":"Reagentes auxiliares e consum\u00edveis - Vitro master diagn\u00f3stica","isPartOf":{"@id":"https:\/\/vitro.bio\/#website"},"datePublished":"2024-01-24T11:50:57+00:00","dateModified":"2025-11-06T08:16:50+00:00","breadcrumb":{"@id":"https:\/\/vitro.bio\/reactivos-anatomia-patologica\/inmunohistoquimica\/reactivos-auxiliares-y-consumibles\/#breadcrumb"},"inLanguage":"pt-PT","potentialAction":[{"@type":"ReadAction","target":["https:\/\/vitro.bio\/reactivos-anatomia-patologica\/inmunohistoquimica\/reactivos-auxiliares-y-consumibles\/"]}]},{"@type":"BreadcrumbList","@id":"https:\/\/vitro.bio\/reactivos-anatomia-patologica\/inmunohistoquimica\/reactivos-auxiliares-y-consumibles\/#breadcrumb","itemListElement":[{"@type":"ListItem","position":1,"name":"Home","item":"https:\/\/vitro.bio\/pt-pt\/"},{"@type":"ListItem","position":2,"name":"Reagentes de Anatomia Patol\u00f3gica","item":"https:\/\/vitro.bio\/reactivos-anatomia-patologica\/"},{"@type":"ListItem","position":3,"name":"Imuno-histoqu\u00edmica","item":"https:\/\/vitro.bio\/reactivos-anatomia-patologica\/inmunohistoquimica\/"},{"@type":"ListItem","position":4,"name":"Reagentes auxiliares e consum\u00edveis"}]},{"@type":"WebSite","@id":"https:\/\/vitro.bio\/#website","url":"https:\/\/vitro.bio\/","name":"Vitro master diagn\u00f3stica","description":"","publisher":{"@id":"https:\/\/vitro.bio\/#organization"},"potentialAction":[{"@type":"SearchAction","target":{"@type":"EntryPoint","urlTemplate":"https:\/\/vitro.bio\/?s={search_term_string}"},"query-input":{"@type":"PropertyValueSpecification","valueRequired":true,"valueName":"search_term_string"}}],"inLanguage":"pt-PT"},{"@type":"Organization","@id":"https:\/\/vitro.bio\/#organization","name":"Vitro master diagn\u00f3stica","url":"https:\/\/vitro.bio\/","logo":{"@type":"ImageObject","inLanguage":"pt-PT","@id":"https:\/\/vitro.bio\/#\/schema\/logo\/image\/","url":"https:\/\/vitro.bio\/wp-content\/uploads\/2024\/10\/LOGO-VITRO-MASTER-DIAGNOSTICA.png","contentUrl":"https:\/\/vitro.bio\/wp-content\/uploads\/2024\/10\/LOGO-VITRO-MASTER-DIAGNOSTICA.png","width":1916,"height":597,"caption":"Vitro master diagn\u00f3stica"},"image":{"@id":"https:\/\/vitro.bio\/#\/schema\/logo\/image\/"}}]}},"_links":{"self":[{"href":"https:\/\/vitro.bio\/pt-pt\/wp-json\/wp\/v2\/pages\/13315","targetHints":{"allow":["GET"]}}],"collection":[{"href":"https:\/\/vitro.bio\/pt-pt\/wp-json\/wp\/v2\/pages"}],"about":[{"href":"https:\/\/vitro.bio\/pt-pt\/wp-json\/wp\/v2\/types\/page"}],"author":[{"embeddable":true,"href":"https:\/\/vitro.bio\/pt-pt\/wp-json\/wp\/v2\/users\/1"}],"replies":[{"embeddable":true,"href":"https:\/\/vitro.bio\/pt-pt\/wp-json\/wp\/v2\/comments?post=13315"}],"version-history":[{"count":1,"href":"https:\/\/vitro.bio\/pt-pt\/wp-json\/wp\/v2\/pages\/13315\/revisions"}],"predecessor-version":[{"id":34409,"href":"https:\/\/vitro.bio\/pt-pt\/wp-json\/wp\/v2\/pages\/13315\/revisions\/34409"}],"up":[{"embeddable":true,"href":"https:\/\/vitro.bio\/pt-pt\/wp-json\/wp\/v2\/pages\/13297"}],"wp:attachment":[{"href":"https:\/\/vitro.bio\/pt-pt\/wp-json\/wp\/v2\/media?parent=13315"}],"curies":[{"name":"wp","href":"https:\/\/api.w.org\/{rel}","templated":true}]}}